{"id":2,"date":"2016-10-27T13:00:13","date_gmt":"2016-10-27T13:00:13","guid":{"rendered":"http:\/\/iwacentar.com\/?page_id=2"},"modified":"2026-04-14T14:00:09","modified_gmt":"2026-04-14T12:00:09","slug":"pocetna","status":"publish","type":"page","link":"https:\/\/iwacentar.com\/","title":{"rendered":"Po\u010detna"},"content":{"rendered":" \n<div class=\"ux-slider-wrapper relative\">\n    <div class=\"ux-slider iosSlider  slider-style-normal  slider-nav-dark slider-nav-inside slider-nav-circle js-flickity\" \n        data-flickity-options='{ \n            \"cellAlign\": \"center\",\n            \"imagesLoaded\": true,\n            \"lazyLoad\": 1,\n            \"freeScroll\": false,\n            \"wrapAround\": true,\n            \"autoPlay\": 4500,\n            \"prevNextButtons\": true,\n            \"contain\" : true,\n            \"percentPosition\": true,\n            \"pageDots\": true,\n            \"selectedAttraction\" : 0.1,\n            \"friction\": 0.6,\n            \"rightToLeft\": false,\n            \"draggable\": true        }'\n        style=\"\"\n        >\n           <div id=\"banner_956313506\" class=\"ux_banner dark    \"  style=\"height:400px; \" data-height=\"400px\" role=\"banner\">\n                                  <div class=\"banner-bg \"  style=\"background-image:url('http:\/\/iwacentar.com\/wp-content\/uploads\/2023\/08\/slajder10.jpg'); \"><img decoding=\"async\" src=\"http:\/\/iwacentar.com\/wp-content\/uploads\/2023\/08\/slajder10.jpg\"  alt=\"\" style=\"visibility:hidden;\" \/><\/div>\n                             <div class=\"row\" >\n          <div class=\"inner right center text-center \"  style=\"width:40%;\">\n            <div class=\"inner-wrap animated bounceInUp\" style=\" \">\n              <h1>Jesen u Iwacentru!<\/h1>\n<h4 class=\"thin-font\">od 1. septembra 2023.<\/h4>\n<p>2950 RSD komfor studio za 2 osobe<br \/>\n3950 RSD apartman sa odvojenom spava\u0107om sobom za 4 osobe<\/p>\n<h5 class=\"thin-font\">Navedena cena se primenjuje za minimum 4 no\u0107enja.<\/h5>\n<p>&nbsp;<\/p>\n<a href=\"http:\/\/iwacentar.com\/cenovnik\/\" class=\"button medium alt-button dark\" >Cenovnik<\/a>\n            <\/div>\n          <\/div>  \n        <\/div>\n                     <\/div><!-- end .ux_banner -->\n\n   <div id=\"banner_1640022635\" class=\"ux_banner dark    \"  style=\"height:400px; \" data-height=\"400px\" role=\"banner\">\n                                  <div class=\"banner-bg \"  style=\"background-image:url('http:\/\/iwacentar.com\/wp-content\/uploads\/2018\/10\/slajder9.jpg'); \"><img decoding=\"async\" src=\"http:\/\/iwacentar.com\/wp-content\/uploads\/2018\/10\/slajder9.jpg\"  alt=\"\" style=\"visibility:hidden;\" \/><\/div>\n                             <div class=\"row\" >\n          <div class=\"inner right center text-center \"  style=\"width:40%;\">\n            <div class=\"inner-wrap animated bounceInUp\" style=\" \">\n              <h4 class=\"thin-font\">!<\/h4>\n<h1>Dobrodo\u0161li!<\/h1>\n<h4 class=\"thin-font\">Prijatan boravak!<\/h4>\n<a href=\"http:\/\/iwacentar.com\/cenovnik\/\" class=\"button medium alt-button dark\" >Cenovnik<\/a>\n            <\/div>\n          <\/div>  \n        <\/div>\n                     <\/div><!-- end .ux_banner -->\n\n   <div id=\"banner_51856529\" class=\"ux_banner dark    \"  style=\"height:400px; \" data-height=\"400px\" role=\"banner\">\n                                  <div class=\"banner-bg \"  style=\"background-image:url('http:\/\/iwacentar.com\/wp-content\/uploads\/2016\/11\/slider-06.jpg'); \"><img decoding=\"async\" src=\"http:\/\/iwacentar.com\/wp-content\/uploads\/2016\/11\/slider-06.jpg\"  alt=\"\" style=\"visibility:hidden;\" \/><\/div>\n                             <div class=\"row\" >\n          <div class=\"inner right center text-center \"  style=\"width:40%;\">\n            <div class=\"inner-wrap animated bounceInUp\" style=\" \">\n              <h4 class=\"alt-font\">Wellness!<\/h4>\n<h1>Cenovnik<\/h1>\n<h4 class=\"thin-font\">Uverite se u kvalitet!<\/h4>\n<a href=\"http:\/\/iwacentar.com\/cenovnik\/\" class=\"button medium alt-button dark\" >Cenovnik<\/a>\n            <\/div>\n          <\/div>  \n        <\/div>\n                     <\/div><!-- end .ux_banner -->\n\n   <div id=\"banner_1289645094\" class=\"ux_banner dark    \"  style=\"height:400px; \" data-height=\"400px\" role=\"banner\">\n                                  <div class=\"banner-bg \"  style=\"background-image:url('http:\/\/iwacentar.com\/wp-content\/uploads\/2016\/12\/slider-01.jpg'); \"><img decoding=\"async\" src=\"http:\/\/iwacentar.com\/wp-content\/uploads\/2016\/12\/slider-01.jpg\"  alt=\"\" style=\"visibility:hidden;\" \/><\/div>\n                             <div class=\"row\" >\n          <div class=\"inner right center text-center \"  style=\"width:40%;\">\n            <div class=\"inner-wrap animated bounceInUp\" style=\" \">\n              <h4 class=\"thin-font\">Apartmani u Vrnja\u010dkoj Banji<\/h4>\n<h1>IWA centar<\/h1>\n<h4 class=\"thin-font\">sme\u0161taj &#8211; Vrnja\u010dka Banja<\/h4>\n<a href=\"http:\/\/iwacentar.com\/smestaj\/\" class=\"button medium alt-button dark\" >Sme\u0161taj<\/a>\n            <\/div>\n          <\/div>  \n        <\/div>\n                     <\/div><!-- end .ux_banner -->\n\n   <div id=\"banner_1775518669\" class=\"ux_banner dark    \"  style=\"height:400px; \" data-height=\"400px\" role=\"banner\">\n                                  <div class=\"banner-bg \"  style=\"background-image:url('http:\/\/iwacentar.com\/wp-content\/uploads\/2016\/12\/slider-03.jpg'); \"><img decoding=\"async\" src=\"http:\/\/iwacentar.com\/wp-content\/uploads\/2016\/12\/slider-03.jpg\"  alt=\"\" style=\"visibility:hidden;\" \/><\/div>\n                             <div class=\"row\" >\n          <div class=\"inner left center text-left \"  style=\"width:40%;\">\n            <div class=\"inner-wrap animated bounceInUp\" style=\" \">\n              <h4 class=\"thin-font\">Najbolje u Vrnja\u010dkoj Banji<\/h4>\n<h1>Masa\u017ee<\/h1>\n<h4 class=\"thin-font\">Posetite nas!<\/h4>\n<a href=\"http:\/\/iwacentar.com\/wellness\/\" class=\"button medium alt-button white\" >Wellness<\/a>\n            <\/div>\n          <\/div>  \n        <\/div>\n                     <\/div><!-- end .ux_banner -->\n\n   <div id=\"banner_803342961\" class=\"ux_banner dark    \"  style=\"height:400px; \" data-height=\"400px\" role=\"banner\">\n                                  <div class=\"banner-bg \"  style=\"background-image:url('http:\/\/iwacentar.com\/wp-content\/uploads\/2016\/11\/slider-05.jpg'); \"><img decoding=\"async\" src=\"http:\/\/iwacentar.com\/wp-content\/uploads\/2016\/11\/slider-05.jpg\"  alt=\"\" style=\"visibility:hidden;\" \/><\/div>\n                             <div class=\"row\" >\n          <div class=\"inner right center text-right \"  style=\"width:40%;\">\n            <div class=\"inner-wrap animated bounceInUp\" style=\" \">\n              <h4 class=\"thin-font\">Prepoznajte<\/h4>\n<h1>kvalitet<\/h1>\n<h4 class=\"thin-font\">Budite na\u0161i gosti<\/h4>\n<a href=\"http:\/\/iwacentar.com\/kontakt\" class=\"button medium alt-button dark\" >Kontakt<\/a>\n            <\/div>\n          <\/div>  \n        <\/div>\n                     <\/div><!-- end .ux_banner -->\n\n   <div id=\"banner_1258745323\" class=\"ux_banner dark    \"  style=\"height:400px; \" data-height=\"400px\" role=\"banner\">\n                                  <div class=\"banner-bg \"  style=\"background-image:url('http:\/\/iwacentar.com\/wp-content\/uploads\/2016\/10\/slider-04.jpg'); \"><img decoding=\"async\" src=\"http:\/\/iwacentar.com\/wp-content\/uploads\/2016\/10\/slider-04.jpg\"  alt=\"\" style=\"visibility:hidden;\" \/><\/div>\n                             <div class=\"row\" >\n          <div class=\"inner right center text-right \"  style=\"width:40%;\">\n            <div class=\"inner-wrap animated bounceInUp\" style=\" \">\n              <h4 class=\"thin-font\">Posetite nas<\/h4>\n<h1>Iwa centar<\/h1>\n<h4 class=\"thin-font\">apartmani &#8211; wellness<\/h4>\n<a href=\"http:\/\/iwacentar.com\/cenovnik\" class=\"button medium alt-button dark\" >Cenovnik<\/a>\n            <\/div>\n          <\/div>  \n        <\/div>\n                     <\/div><!-- end .ux_banner -->\n\n     <\/div>\n    <div class=\"ux-loading dark\"><\/div>\n<\/div><!-- .ux-slider-wrapper -->\n\n\n<h3 class=\"section-title clearfix title_center \"><span>\u2022 Wellness \u2013 stil va\u0161eg \u017eivota na vi\u0161em nivou \u2022<\/span>  <\/h3><!-- end section_title -->\n\t<div  class=\"row container \">\n<div class=\"small-12    large-4  columns   \"  ><div class=\"column-inner\"  >\n   <div id=\"banner_327806856\" class=\"ux_banner dark    hover_zoom\"  style=\"height:300px; \" data-height=\"300px\" role=\"banner\">\n      <a href=\"http:\/\/iwacentar.com\/masaze\/\" >                            <div class=\"banner-bg \"  style=\"background-image:url('http:\/\/iwacentar.com\/wp-content\/uploads\/2016\/10\/iwa-banner-rucne-masaze.jpg'); \"><img decoding=\"async\" src=\"http:\/\/iwacentar.com\/wp-content\/uploads\/2016\/10\/iwa-banner-rucne-masaze.jpg\"  alt=\"\" style=\"visibility:hidden;\" \/><\/div>\n                             <div class=\"row\" >\n          <div class=\"inner center text-center \"  style=\"width:60%;\">\n            <div class=\"inner-wrap animated fadeIn\" style=\" \">\n              <div class=\"tx-div small\"><\/div>\n<p><\/p>\n            <\/div>\n          <\/div>  \n        <\/div>\n       <\/a>              <\/div><!-- end .ux_banner -->\n\n<\/div><\/div>\n<div class=\"small-12    large-4  columns   \"  ><div class=\"column-inner\"  >\n   <div id=\"banner_730420849\" class=\"ux_banner dark    hover_zoom\"  style=\"height:300px; \" data-height=\"300px\" role=\"banner\">\n      <a href=\"http:\/\/iwacentar.com\/wellness\/\" >                            <div class=\"banner-bg \"  style=\"background-image:url('http:\/\/iwacentar.com\/wp-content\/uploads\/2016\/10\/iwa-banner-solarium.jpg'); \"><img decoding=\"async\" src=\"http:\/\/iwacentar.com\/wp-content\/uploads\/2016\/10\/iwa-banner-solarium.jpg\"  alt=\"\" style=\"visibility:hidden;\" \/><\/div>\n                             <div class=\"row\" >\n          <div class=\"inner center text-center \"  style=\"width:60%;\">\n            <div class=\"inner-wrap animated fadeIn\" style=\" \">\n              <div class=\"tx-div small\"><\/div>\n<p><\/p>\n            <\/div>\n          <\/div>  \n        <\/div>\n       <\/a>              <\/div><!-- end .ux_banner -->\n\n<\/div><\/div>\n<div class=\"small-12    large-4  columns   \"  ><div class=\"column-inner\"  >\n   <div id=\"banner_589366415\" class=\"ux_banner dark    hover_zoom\"  style=\"height:300px; \" data-height=\"300px\" role=\"banner\">\n      <a href=\"http:\/\/iwacentar.com\/tretmani\/\" >                            <div class=\"banner-bg \"  style=\"background-image:url('http:\/\/iwacentar.com\/wp-content\/uploads\/2016\/10\/iwa-banner-tretmani.jpg'); \"><img decoding=\"async\" src=\"http:\/\/iwacentar.com\/wp-content\/uploads\/2016\/10\/iwa-banner-tretmani.jpg\"  alt=\"\" style=\"visibility:hidden;\" \/><\/div>\n                             <div class=\"row\" >\n          <div class=\"inner center text-center \"  style=\"width:60%;\">\n            <div class=\"inner-wrap animated fadeIn\" style=\" \">\n              <div class=\"tx-div small\"><\/div>\n<p><\/p>\n            <\/div>\n          <\/div>  \n        <\/div>\n       <\/a>              <\/div><!-- end .ux_banner -->\n\n<\/div><\/div>\n<\/div>\n  \n\n<h3 class=\"section-title clearfix title_center \"><span>\u2022 Sme\u0161taj u Iwa centru \u2022<\/span>  <\/h3><!-- end section_title -->\n\t<div  class=\"row container \">\n<div class=\"small-12    large-4  columns   \"  ><div class=\"column-inner\"  >\n   <div id=\"banner_1430281760\" class=\"ux_banner dark    hover_zoom\"  style=\"height:300px; \" data-height=\"300px\" role=\"banner\">\n      <a href=\"http:\/\/iwacentar.com\/smestaj\/apartman\/\" >                            <div class=\"banner-bg \"  style=\"background-image:url('http:\/\/iwacentar.com\/wp-content\/uploads\/2016\/12\/iwa-banner-standard-apartman.jpg'); \"><img decoding=\"async\" src=\"http:\/\/iwacentar.com\/wp-content\/uploads\/2016\/12\/iwa-banner-standard-apartman.jpg\"  alt=\"\" style=\"visibility:hidden;\" \/><\/div>\n                             <div class=\"row\" >\n          <div class=\"inner center text-center \"  style=\"width:60%;\">\n            <div class=\"inner-wrap animated fadeIn\" style=\" \">\n              <div class=\"tx-div small\"><\/div>\n<p><\/p>\n            <\/div>\n          <\/div>  \n        <\/div>\n       <\/a>              <\/div><!-- end .ux_banner -->\n\n<\/div><\/div>\n<div class=\"small-12    large-4  columns   \"  ><div class=\"column-inner\"  >\n   <div id=\"banner_1596392433\" class=\"ux_banner dark    hover_zoom\"  style=\"height:300px; \" data-height=\"300px\" role=\"banner\">\n      <a href=\"http:\/\/iwacentar.com\/smestaj\/komfor-studio\/\" >                            <div class=\"banner-bg \"  style=\"background-image:url('http:\/\/iwacentar.com\/wp-content\/uploads\/2016\/10\/iwa-banner-standard-studio.jpg'); \"><img decoding=\"async\" src=\"http:\/\/iwacentar.com\/wp-content\/uploads\/2016\/10\/iwa-banner-standard-studio.jpg\"  alt=\"\" style=\"visibility:hidden;\" \/><\/div>\n                             <div class=\"row\" >\n          <div class=\"inner center text-center \"  style=\"width:60%;\">\n            <div class=\"inner-wrap animated fadeIn\" style=\" \">\n              <div class=\"tx-div small\"><\/div>\n<p><\/p>\n            <\/div>\n          <\/div>  \n        <\/div>\n       <\/a>              <\/div><!-- end .ux_banner -->\n\n<\/div><\/div>\n<div class=\"small-12    large-4  columns   \"  ><div class=\"column-inner\"  >\n   <div id=\"banner_588430992\" class=\"ux_banner dark    hover_zoom\"  style=\"height:300px; \" data-height=\"300px\" role=\"banner\">\n      <a href=\"http:\/\/iwacentar.com\/smestaj\/\" >                            <div class=\"banner-bg \"  style=\"background-image:url('http:\/\/iwacentar.com\/wp-content\/uploads\/2016\/11\/iwa-banner-smestaj.jpg'); \"><img decoding=\"async\" src=\"http:\/\/iwacentar.com\/wp-content\/uploads\/2016\/11\/iwa-banner-smestaj.jpg\"  alt=\"\" style=\"visibility:hidden;\" \/><\/div>\n                             <div class=\"row\" >\n          <div class=\"inner center text-center \"  style=\"width:60%;\">\n            <div class=\"inner-wrap animated fadeIn\" style=\" \">\n              <div class=\"tx-div small\"><\/div>\n<p><\/p>\n            <\/div>\n          <\/div>  \n        <\/div>\n       <\/a>              <\/div><!-- end .ux_banner -->\n\n<\/div><\/div>\n<\/div>\n  \n\n","protected":false},"excerpt":{"rendered":"","protected":false},"author":1,"featured_media":0,"parent":0,"menu_order":0,"comment_status":"closed","ping_status":"closed","template":"page-blank.php","meta":{"footnotes":""},"class_list":["post-2","page","type-page","status-publish","hentry"],"yoast_head":"<!-- This site is optimized with the Yoast SEO plugin v21.4 - https:\/\/yoast.com\/wordpress\/plugins\/seo\/ -->\n<title>Smestaj Apartmani Wellness - Vrnjacka Banja - IWA centar<\/title>\n<meta name=\"description\" content=\"Smestaj i Apartmani u Vrnjackoj Banji. Wellness, Sauna, Masaza, Rucne masaze, Tepidarijum, Parno kupatilo, Solarijum, Vita bar\" \/>\n<meta name=\"robots\" content=\"index, follow, max-snippet:-1, max-image-preview:large, max-video-preview:-1\" \/>\n<link rel=\"canonical\" href=\"http:\/\/iwacentar.com\/\" \/>\n<meta property=\"og:locale\" content=\"en_US\" \/>\n<meta property=\"og:type\" content=\"article\" \/>\n<meta property=\"og:title\" content=\"Smestaj Apartmani Wellness - Vrnjacka Banja - IWA centar\" \/>\n<meta property=\"og:description\" content=\"Smestaj i Apartmani u Vrnjackoj Banji. Wellness, Sauna, Masaza, Rucne masaze, Tepidarijum, Parno kupatilo, Solarijum, Vita bar\" \/>\n<meta property=\"og:url\" content=\"http:\/\/iwacentar.com\/\" \/>\n<meta property=\"og:site_name\" content=\"iwacentar\" \/>\n<meta property=\"article:publisher\" content=\"https:\/\/www.facebook.com\/iwacentar\/\" \/>\n<meta property=\"article:modified_time\" content=\"2026-04-14T12:00:09+00:00\" \/>\n<meta name=\"twitter:card\" content=\"summary_large_image\" \/>\n<meta name=\"twitter:label1\" content=\"Est. reading time\" \/>\n\t<meta name=\"twitter:data1\" content=\"2 minutes\" \/>\n<script type=\"application\/ld+json\" class=\"yoast-schema-graph\">{\"@context\":\"https:\/\/schema.org\",\"@graph\":[{\"@type\":\"WebPage\",\"@id\":\"http:\/\/iwacentar.com\/\",\"url\":\"http:\/\/iwacentar.com\/\",\"name\":\"Smestaj Apartmani Wellness - Vrnjacka Banja - IWA centar\",\"isPartOf\":{\"@id\":\"http:\/\/iwacentar.com\/#website\"},\"datePublished\":\"2016-10-27T13:00:13+00:00\",\"dateModified\":\"2026-04-14T12:00:09+00:00\",\"description\":\"Smestaj i Apartmani u Vrnjackoj Banji. Wellness, Sauna, Masaza, Rucne masaze, Tepidarijum, Parno kupatilo, Solarijum, Vita bar\",\"breadcrumb\":{\"@id\":\"http:\/\/iwacentar.com\/#breadcrumb\"},\"inLanguage\":\"en-US\",\"potentialAction\":[{\"@type\":\"ReadAction\",\"target\":[\"http:\/\/iwacentar.com\/\"]}]},{\"@type\":\"BreadcrumbList\",\"@id\":\"http:\/\/iwacentar.com\/#breadcrumb\",\"itemListElement\":[{\"@type\":\"ListItem\",\"position\":1,\"name\":\"Home\",\"item\":\"http:\/\/iwacentar.com\/\"},{\"@type\":\"ListItem\",\"position\":2,\"name\":\"Po\u010detna\"}]},{\"@type\":\"WebSite\",\"@id\":\"http:\/\/iwacentar.com\/#website\",\"url\":\"http:\/\/iwacentar.com\/\",\"name\":\"iwacentar\",\"description\":\"smestaj apartmani wellness vrnjacka banja\",\"potentialAction\":[{\"@type\":\"SearchAction\",\"target\":{\"@type\":\"EntryPoint\",\"urlTemplate\":\"http:\/\/iwacentar.com\/?s={search_term_string}\"},\"query-input\":\"required name=search_term_string\"}],\"inLanguage\":\"en-US\"}]}<\/script>\n<!-- \/ Yoast SEO plugin. -->","yoast_head_json":{"title":"Smestaj Apartmani Wellness - Vrnjacka Banja - IWA centar","description":"Smestaj i Apartmani u Vrnjackoj Banji. Wellness, Sauna, Masaza, Rucne masaze, Tepidarijum, Parno kupatilo, Solarijum, Vita bar","robots":{"index":"index","follow":"follow","max-snippet":"max-snippet:-1","max-image-preview":"max-image-preview:large","max-video-preview":"max-video-preview:-1"},"canonical":"http:\/\/iwacentar.com\/","og_locale":"en_US","og_type":"article","og_title":"Smestaj Apartmani Wellness - Vrnjacka Banja - IWA centar","og_description":"Smestaj i Apartmani u Vrnjackoj Banji. Wellness, Sauna, Masaza, Rucne masaze, Tepidarijum, Parno kupatilo, Solarijum, Vita bar","og_url":"http:\/\/iwacentar.com\/","og_site_name":"iwacentar","article_publisher":"https:\/\/www.facebook.com\/iwacentar\/","article_modified_time":"2026-04-14T12:00:09+00:00","twitter_card":"summary_large_image","twitter_misc":{"Est. reading time":"2 minutes"},"schema":{"@context":"https:\/\/schema.org","@graph":[{"@type":"WebPage","@id":"http:\/\/iwacentar.com\/","url":"http:\/\/iwacentar.com\/","name":"Smestaj Apartmani Wellness - Vrnjacka Banja - IWA centar","isPartOf":{"@id":"http:\/\/iwacentar.com\/#website"},"datePublished":"2016-10-27T13:00:13+00:00","dateModified":"2026-04-14T12:00:09+00:00","description":"Smestaj i Apartmani u Vrnjackoj Banji. Wellness, Sauna, Masaza, Rucne masaze, Tepidarijum, Parno kupatilo, Solarijum, Vita bar","breadcrumb":{"@id":"http:\/\/iwacentar.com\/#breadcrumb"},"inLanguage":"en-US","potentialAction":[{"@type":"ReadAction","target":["http:\/\/iwacentar.com\/"]}]},{"@type":"BreadcrumbList","@id":"http:\/\/iwacentar.com\/#breadcrumb","itemListElement":[{"@type":"ListItem","position":1,"name":"Home","item":"http:\/\/iwacentar.com\/"},{"@type":"ListItem","position":2,"name":"Po\u010detna"}]},{"@type":"WebSite","@id":"http:\/\/iwacentar.com\/#website","url":"http:\/\/iwacentar.com\/","name":"iwacentar","description":"smestaj apartmani wellness vrnjacka banja","potentialAction":[{"@type":"SearchAction","target":{"@type":"EntryPoint","urlTemplate":"http:\/\/iwacentar.com\/?s={search_term_string}"},"query-input":"required name=search_term_string"}],"inLanguage":"en-US"}]}},"_links":{"self":[{"href":"https:\/\/iwacentar.com\/index.php?rest_route=\/wp\/v2\/pages\/2","targetHints":{"allow":["GET"]}}],"collection":[{"href":"https:\/\/iwacentar.com\/index.php?rest_route=\/wp\/v2\/pages"}],"about":[{"href":"https:\/\/iwacentar.com\/index.php?rest_route=\/wp\/v2\/types\/page"}],"author":[{"embeddable":true,"href":"https:\/\/iwacentar.com\/index.php?rest_route=\/wp\/v2\/users\/1"}],"replies":[{"embeddable":true,"href":"https:\/\/iwacentar.com\/index.php?rest_route=%2Fwp%2Fv2%2Fcomments&post=2"}],"version-history":[{"count":71,"href":"https:\/\/iwacentar.com\/index.php?rest_route=\/wp\/v2\/pages\/2\/revisions"}],"predecessor-version":[{"id":905,"href":"https:\/\/iwacentar.com\/index.php?rest_route=\/wp\/v2\/pages\/2\/revisions\/905"}],"wp:attachment":[{"href":"https:\/\/iwacentar.com\/index.php?rest_route=%2Fwp%2Fv2%2Fmedia&parent=2"}],"curies":[{"name":"wp","href":"https:\/\/api.w.org\/{rel}","templated":true}]}}