{"id":7,"date":"2016-10-27T15:30:48","date_gmt":"2016-10-27T15:30:48","guid":{"rendered":"http:\/\/iwacentar.com\/?page_id=7"},"modified":"2018-01-29T09:54:36","modified_gmt":"2018-01-29T07:54:36","slug":"smestaj","status":"publish","type":"page","link":"http:\/\/iwacentar.com\/?page_id=7","title":{"rendered":"Apartmani"},"content":{"rendered":"<h1>Smestaj Vrnjacka Banja<\/h1>\n<p>&nbsp;<\/p>\n<p><a href=\"http:\/\/iwacentar.com\/smestaj\/\"><img loading=\"lazy\" decoding=\"async\" class=\"wp-image-410 size-full\" title=\"Smestaj - Apartmani - Sobe - Vrnjacka Banja\" src=\"http:\/\/iwacentar.com\/wp-content\/uploads\/2016\/10\/apartmani-01.jpg\" alt=\"Smestaj - Apartmani - Sobe - Vrnjacka Banja\" width=\"747\" height=\"400\" \/><\/a><\/p>\n<p><strong><span style=\"color: #ff6600;\"><em>Sme\u0161taj za najzahtevnije goste !<\/em><\/span><\/strong><\/p>\n<p>Apartmani, koje vam nudimo za iznajmljivanje, nalaze se u zgradi prelepe arhitekture od tri kompleksa spojenih u jedan objekat. Zadovolji\u0107e potrebe svakog gosta, bilo da je na du\u017eem odmoru, poslovnom putu, vikendu ili dnevnom odmoru. Raspore\u0111eni su na tri razli\u010dita nivoa, u tri posebna ulaza.<br \/>\nU formi <strong>komfor studio<\/strong> ili <strong>apartman<\/strong> sa jednom spava\u0107om sobom, sve sme\u0161tajne jedinice su opremljene luksuzno, kvalitetno, funkcionalno i udobno. Svaki apartman je klimatizovan i sadr\u017ei: kompletno opremljenu kuhinju, TV sa kablovskim programom, WiFi, kupatilo sa tu\u0161 kabinom, terasu\u2026 Na zahtev gosta dodaje se krevetac za decu.<br \/>\nZa sve goste je obezbe\u0111en parking prostor sa nadzorom, uz mogu\u0107nost kori\u0161\u0107enja usluge podzemne gara\u017ee.<\/p>\n<p>&nbsp;<\/p>\n<p><span style=\"color: #ffffff;\">Smestaj &#8211; Apartmani &#8211; Sobe &#8211; Vrnjacka Banja &#8211; povoljno<\/span><\/p>\n","protected":false},"excerpt":{"rendered":"<p>Smestaj Vrnjacka Banja &nbsp; Sme\u0161taj za najzahtevnije goste ! Apartmani, koje vam nudimo za iznajmljivanje, nalaze se u zgradi prelepe arhitekture od tri kompleksa spojenih u jedan objekat. Zadovolji\u0107e potrebe svakog gosta, bilo da je na du\u017eem odmoru, poslovnom putu, vikendu ili dnevnom odmoru. Raspore\u0111eni su na tri razli\u010dita nivoa, u tri posebna ulaza. U [&hellip;]\n","protected":false},"author":1,"featured_media":0,"parent":0,"menu_order":0,"comment_status":"closed","ping_status":"closed","template":"page-blank-sub-nav-vertical.php","meta":{"footnotes":""},"class_list":["post-7","page","type-page","status-publish","hentry"],"yoast_head":"<!-- This site is optimized with the Yoast SEO plugin v21.4 - https:\/\/yoast.com\/wordpress\/plugins\/seo\/ -->\n<title>Apartmani, smestaj, sobe, studio, Vrnjacka Banja - Iwa centar<\/title>\n<meta name=\"description\" content=\"Smestaj - Apartmani - Sobe - Vrnjacka Banja - povoljno, komforno, udobno, centar Vrnjacke Banje - parking, Vrnjacka Banja\" \/>\n<meta name=\"robots\" content=\"index, follow, max-snippet:-1, max-image-preview:large, max-video-preview:-1\" \/>\n<link rel=\"canonical\" href=\"http:\/\/iwacentar.com\/?page_id=7\" \/>\n<meta property=\"og:locale\" content=\"en_US\" \/>\n<meta property=\"og:type\" content=\"article\" \/>\n<meta property=\"og:title\" content=\"iwacentar vrnjacka banja\" \/>\n<meta property=\"og:description\" content=\"Smestaj - Apartmani - Sobe - Vrnjacka Banja - povoljno, komforno, udobno, centar Vrnjacke Banje - parking, Vrnjacka Banja\" \/>\n<meta property=\"og:url\" content=\"http:\/\/iwacentar.com\/?page_id=7\" \/>\n<meta property=\"og:site_name\" content=\"iwacentar\" \/>\n<meta property=\"article:publisher\" content=\"https:\/\/www.facebook.com\/iwacentar\/\" \/>\n<meta property=\"article:modified_time\" content=\"2018-01-29T07:54:36+00:00\" \/>\n<meta property=\"og:image\" content=\"http:\/\/iwacentar.com\/wp-content\/uploads\/2016\/10\/apartmani-01.jpg\" \/>\n<meta name=\"twitter:card\" content=\"summary_large_image\" \/>\n<meta name=\"twitter:label1\" content=\"Est. reading time\" \/>\n\t<meta name=\"twitter:data1\" content=\"1 minute\" \/>\n<script type=\"application\/ld+json\" class=\"yoast-schema-graph\">{\"@context\":\"https:\/\/schema.org\",\"@graph\":[{\"@type\":\"WebPage\",\"@id\":\"http:\/\/iwacentar.com\/?page_id=7\",\"url\":\"http:\/\/iwacentar.com\/?page_id=7\",\"name\":\"Apartmani, smestaj, sobe, studio, Vrnjacka Banja - Iwa centar\",\"isPartOf\":{\"@id\":\"https:\/\/iwacentar.com\/#website\"},\"datePublished\":\"2016-10-27T15:30:48+00:00\",\"dateModified\":\"2018-01-29T07:54:36+00:00\",\"description\":\"Smestaj - Apartmani - Sobe - Vrnjacka Banja - povoljno, komforno, udobno, centar Vrnjacke Banje - parking, Vrnjacka Banja\",\"breadcrumb\":{\"@id\":\"http:\/\/iwacentar.com\/?page_id=7#breadcrumb\"},\"inLanguage\":\"en-US\",\"potentialAction\":[{\"@type\":\"ReadAction\",\"target\":[\"http:\/\/iwacentar.com\/?page_id=7\"]}]},{\"@type\":\"BreadcrumbList\",\"@id\":\"http:\/\/iwacentar.com\/?page_id=7#breadcrumb\",\"itemListElement\":[{\"@type\":\"ListItem\",\"position\":1,\"name\":\"Home\",\"item\":\"https:\/\/iwacentar.com\/\"},{\"@type\":\"ListItem\",\"position\":2,\"name\":\"Apartmani\"}]},{\"@type\":\"WebSite\",\"@id\":\"https:\/\/iwacentar.com\/#website\",\"url\":\"https:\/\/iwacentar.com\/\",\"name\":\"iwacentar\",\"description\":\"smestaj apartmani wellness vrnjacka banja\",\"potentialAction\":[{\"@type\":\"SearchAction\",\"target\":{\"@type\":\"EntryPoint\",\"urlTemplate\":\"https:\/\/iwacentar.com\/?s={search_term_string}\"},\"query-input\":\"required name=search_term_string\"}],\"inLanguage\":\"en-US\"}]}<\/script>\n<!-- \/ Yoast SEO plugin. -->","yoast_head_json":{"title":"Apartmani, smestaj, sobe, studio, Vrnjacka Banja - Iwa centar","description":"Smestaj - Apartmani - Sobe - Vrnjacka Banja - povoljno, komforno, udobno, centar Vrnjacke Banje - parking, Vrnjacka Banja","robots":{"index":"index","follow":"follow","max-snippet":"max-snippet:-1","max-image-preview":"max-image-preview:large","max-video-preview":"max-video-preview:-1"},"canonical":"http:\/\/iwacentar.com\/?page_id=7","og_locale":"en_US","og_type":"article","og_title":"iwacentar vrnjacka banja","og_description":"Smestaj - Apartmani - Sobe - Vrnjacka Banja - povoljno, komforno, udobno, centar Vrnjacke Banje - parking, Vrnjacka Banja","og_url":"http:\/\/iwacentar.com\/?page_id=7","og_site_name":"iwacentar","article_publisher":"https:\/\/www.facebook.com\/iwacentar\/","article_modified_time":"2018-01-29T07:54:36+00:00","og_image":[{"url":"http:\/\/iwacentar.com\/wp-content\/uploads\/2016\/10\/apartmani-01.jpg"}],"twitter_card":"summary_large_image","twitter_misc":{"Est. reading time":"1 minute"},"schema":{"@context":"https:\/\/schema.org","@graph":[{"@type":"WebPage","@id":"http:\/\/iwacentar.com\/?page_id=7","url":"http:\/\/iwacentar.com\/?page_id=7","name":"Apartmani, smestaj, sobe, studio, Vrnjacka Banja - Iwa centar","isPartOf":{"@id":"https:\/\/iwacentar.com\/#website"},"datePublished":"2016-10-27T15:30:48+00:00","dateModified":"2018-01-29T07:54:36+00:00","description":"Smestaj - Apartmani - Sobe - Vrnjacka Banja - povoljno, komforno, udobno, centar Vrnjacke Banje - parking, Vrnjacka Banja","breadcrumb":{"@id":"http:\/\/iwacentar.com\/?page_id=7#breadcrumb"},"inLanguage":"en-US","potentialAction":[{"@type":"ReadAction","target":["http:\/\/iwacentar.com\/?page_id=7"]}]},{"@type":"BreadcrumbList","@id":"http:\/\/iwacentar.com\/?page_id=7#breadcrumb","itemListElement":[{"@type":"ListItem","position":1,"name":"Home","item":"https:\/\/iwacentar.com\/"},{"@type":"ListItem","position":2,"name":"Apartmani"}]},{"@type":"WebSite","@id":"https:\/\/iwacentar.com\/#website","url":"https:\/\/iwacentar.com\/","name":"iwacentar","description":"smestaj apartmani wellness vrnjacka banja","potentialAction":[{"@type":"SearchAction","target":{"@type":"EntryPoint","urlTemplate":"https:\/\/iwacentar.com\/?s={search_term_string}"},"query-input":"required name=search_term_string"}],"inLanguage":"en-US"}]}},"_links":{"self":[{"href":"http:\/\/iwacentar.com\/index.php?rest_route=\/wp\/v2\/pages\/7","targetHints":{"allow":["GET"]}}],"collection":[{"href":"http:\/\/iwacentar.com\/index.php?rest_route=\/wp\/v2\/pages"}],"about":[{"href":"http:\/\/iwacentar.com\/index.php?rest_route=\/wp\/v2\/types\/page"}],"author":[{"embeddable":true,"href":"http:\/\/iwacentar.com\/index.php?rest_route=\/wp\/v2\/users\/1"}],"replies":[{"embeddable":true,"href":"http:\/\/iwacentar.com\/index.php?rest_route=%2Fwp%2Fv2%2Fcomments&post=7"}],"version-history":[{"count":22,"href":"http:\/\/iwacentar.com\/index.php?rest_route=\/wp\/v2\/pages\/7\/revisions"}],"predecessor-version":[{"id":772,"href":"http:\/\/iwacentar.com\/index.php?rest_route=\/wp\/v2\/pages\/7\/revisions\/772"}],"wp:attachment":[{"href":"http:\/\/iwacentar.com\/index.php?rest_route=%2Fwp%2Fv2%2Fmedia&parent=7"}],"curies":[{"name":"wp","href":"https:\/\/api.w.org\/{rel}","templated":true}]}}