{"id":60,"date":"2016-10-27T21:00:33","date_gmt":"2016-10-27T21:00:33","guid":{"rendered":"http:\/\/iwacentar.com\/?page_id=60"},"modified":"2019-10-26T10:08:04","modified_gmt":"2019-10-26T08:08:04","slug":"nagrade","status":"publish","type":"page","link":"http:\/\/iwacentar.com\/?page_id=60","title":{"rendered":"Nagrade"},"content":{"rendered":"<h1>Nagrade i priznanja &#8211; Iwa centar &#8211; smestaj Vrnjacka Banja<\/h1>\n<p>Po\u010deli smo sa radom 2007. godine i za ulo\u017eeni trud odmah dobili priznanje u vidu zlatne medalje: <strong>za kvalitet wellness i spa usluga, kao i sme\u0161tajnih kapaciteta<\/strong>.<br \/>\nZatim smo nastavili ka visoko postavljenom cilju: <strong>Zadr\u017eati i unaprediti kvalitet usluga ! <span style=\"color: #ffffff;\">Nagrade i priznanja<\/span><br \/>\n<\/strong><\/p>\n<p><strong><img loading=\"lazy\" decoding=\"async\" class=\"alignleft wp-image-585 size-full\" title=\"nagrade priznanja smestaj vrnjacka banja\" src=\"http:\/\/iwacentar.com\/wp-content\/uploads\/2016\/10\/iwa-nagrade-5.jpg\" alt=\"smestaj, apartmani, vrnjacka banja, nagrade, priznanja\" width=\"1200\" height=\"724\" srcset=\"http:\/\/iwacentar.com\/wp-content\/uploads\/2016\/10\/iwa-nagrade-5.jpg 1200w, http:\/\/iwacentar.com\/wp-content\/uploads\/2016\/10\/iwa-nagrade-5-800x483.jpg 800w, http:\/\/iwacentar.com\/wp-content\/uploads\/2016\/10\/iwa-nagrade-5-768x463.jpg 768w\" sizes=\"auto, (max-width: 1200px) 100vw, 1200px\" \/><br \/>\n<\/strong>I priznanje nije izostalo.<br \/>\nPoslednja nagrada u nizu, u dosada\u0161njem radu: <strong>Velika zlatna medalja<\/strong> na Novosadskom sajmu 2016. godine\u2026<\/p>\n<p><img loading=\"lazy\" decoding=\"async\" class=\"alignnone wp-image-584 size-full\" title=\"nagrade priznanja smestaj vrnjacka banja\" src=\"http:\/\/iwacentar.com\/wp-content\/uploads\/2016\/10\/iwa-nagrade-4.jpg\" alt=\"smestaj, apartmani, vrnjacka banja\" width=\"1200\" height=\"621\" srcset=\"http:\/\/iwacentar.com\/wp-content\/uploads\/2016\/10\/iwa-nagrade-4.jpg 1200w, http:\/\/iwacentar.com\/wp-content\/uploads\/2016\/10\/iwa-nagrade-4-800x414.jpg 800w, http:\/\/iwacentar.com\/wp-content\/uploads\/2016\/10\/iwa-nagrade-4-768x397.jpg 768w\" sizes=\"auto, (max-width: 1200px) 100vw, 1200px\" \/><\/p>\n<p>2017. godina \u2013 jubilarna za \u201eIWA CENTAR\u201c \u2013 postavlja ispred nas mnogo zahteva, planova i ciljeva, a mi \u0107emo, kao i do sada, ulagati mnogo truda i rada.<\/p>\n<p><em>Ljudi \u0107e to znati da prepoznaju\u2026<\/em><\/p>\n<p><img loading=\"lazy\" decoding=\"async\" class=\"alignnone wp-image-587 size-full\" title=\"nagrade priznanja smestaj vrnjacka banja\" src=\"http:\/\/iwacentar.com\/wp-content\/uploads\/2016\/10\/iwa-nagrade-6.jpg\" alt=\"smestaj, apartmani, vrnjacka banja, nagrade, priznanja\" width=\"1200\" height=\"797\" srcset=\"http:\/\/iwacentar.com\/wp-content\/uploads\/2016\/10\/iwa-nagrade-6.jpg 1200w, http:\/\/iwacentar.com\/wp-content\/uploads\/2016\/10\/iwa-nagrade-6-800x531.jpg 800w, http:\/\/iwacentar.com\/wp-content\/uploads\/2016\/10\/iwa-nagrade-6-768x510.jpg 768w\" sizes=\"auto, (max-width: 1200px) 100vw, 1200px\" \/><\/p>\n<p>2019&#8230;<img loading=\"lazy\" decoding=\"async\" class=\"alignleft size-full wp-image-855\" src=\"http:\/\/iwacentar.com\/wp-content\/uploads\/2019\/10\/nagrade-iwa-centar.jpg\" alt=\"\" width=\"1200\" height=\"1200\" srcset=\"http:\/\/iwacentar.com\/wp-content\/uploads\/2019\/10\/nagrade-iwa-centar.jpg 1200w, http:\/\/iwacentar.com\/wp-content\/uploads\/2019\/10\/nagrade-iwa-centar-340x340.jpg 340w, http:\/\/iwacentar.com\/wp-content\/uploads\/2019\/10\/nagrade-iwa-centar-800x800.jpg 800w, http:\/\/iwacentar.com\/wp-content\/uploads\/2019\/10\/nagrade-iwa-centar-768x768.jpg 768w\" sizes=\"auto, (max-width: 1200px) 100vw, 1200px\" \/><\/p>\n","protected":false},"excerpt":{"rendered":"<p>Nagrade i priznanja &#8211; Iwa centar &#8211; smestaj Vrnjacka Banja Po\u010deli smo sa radom 2007. godine i za ulo\u017eeni trud odmah dobili priznanje u vidu zlatne medalje: za kvalitet wellness i spa usluga, kao i sme\u0161tajnih kapaciteta. Zatim smo nastavili ka visoko postavljenom cilju: Zadr\u017eati i unaprediti kvalitet usluga ! Nagrade i priznanja I priznanje [&hellip;]\n","protected":false},"author":1,"featured_media":0,"parent":0,"menu_order":0,"comment_status":"closed","ping_status":"closed","template":"","meta":{"footnotes":""},"class_list":["post-60","page","type-page","status-publish","hentry"],"yoast_head":"<!-- This site is optimized with the Yoast SEO plugin v21.4 - https:\/\/yoast.com\/wordpress\/plugins\/seo\/ -->\n<title>Nagrade i priznanja Iwa wellness centar - smestaj Vrnjacka Banja<\/title>\n<meta name=\"description\" content=\"Nagrede i priznanja Iwa wellness centar - smestaj Vrnjacka Banja, apartmani Vrnjacka Banja, smestaj u Vrnjackoj Banji, apartmani u Vrnjackoj Banji\" \/>\n<meta name=\"robots\" content=\"index, follow, max-snippet:-1, max-image-preview:large, max-video-preview:-1\" \/>\n<link rel=\"canonical\" href=\"http:\/\/iwacentar.com\/?page_id=60\" \/>\n<meta property=\"og:locale\" content=\"en_US\" \/>\n<meta property=\"og:type\" content=\"article\" \/>\n<meta property=\"og:title\" content=\"Nagrade i priznanja Iwa wellness centar - smestaj Vrnjacka Banja\" \/>\n<meta property=\"og:description\" content=\"Nagrede i priznanja Iwa wellness centar - smestaj Vrnjacka Banja, apartmani Vrnjacka Banja, smestaj u Vrnjackoj Banji, apartmani u Vrnjackoj Banji\" \/>\n<meta property=\"og:url\" content=\"http:\/\/iwacentar.com\/?page_id=60\" \/>\n<meta property=\"og:site_name\" content=\"iwacentar\" \/>\n<meta property=\"article:publisher\" content=\"https:\/\/www.facebook.com\/iwacentar\/\" \/>\n<meta property=\"article:modified_time\" content=\"2019-10-26T08:08:04+00:00\" \/>\n<meta property=\"og:image\" content=\"http:\/\/iwacentar.com\/wp-content\/uploads\/2016\/10\/iwa-nagrade-5.jpg\" \/>\n<meta name=\"twitter:card\" content=\"summary_large_image\" \/>\n<meta name=\"twitter:label1\" content=\"Est. reading time\" \/>\n\t<meta name=\"twitter:data1\" content=\"1 minute\" \/>\n<script type=\"application\/ld+json\" class=\"yoast-schema-graph\">{\"@context\":\"https:\/\/schema.org\",\"@graph\":[{\"@type\":\"WebPage\",\"@id\":\"http:\/\/iwacentar.com\/?page_id=60\",\"url\":\"http:\/\/iwacentar.com\/?page_id=60\",\"name\":\"Nagrade i priznanja Iwa wellness centar - smestaj Vrnjacka Banja\",\"isPartOf\":{\"@id\":\"https:\/\/iwacentar.com\/#website\"},\"datePublished\":\"2016-10-27T21:00:33+00:00\",\"dateModified\":\"2019-10-26T08:08:04+00:00\",\"description\":\"Nagrede i priznanja Iwa wellness centar - smestaj Vrnjacka Banja, apartmani Vrnjacka Banja, smestaj u Vrnjackoj Banji, apartmani u Vrnjackoj Banji\",\"breadcrumb\":{\"@id\":\"http:\/\/iwacentar.com\/?page_id=60#breadcrumb\"},\"inLanguage\":\"en-US\",\"potentialAction\":[{\"@type\":\"ReadAction\",\"target\":[\"http:\/\/iwacentar.com\/?page_id=60\"]}]},{\"@type\":\"BreadcrumbList\",\"@id\":\"http:\/\/iwacentar.com\/?page_id=60#breadcrumb\",\"itemListElement\":[{\"@type\":\"ListItem\",\"position\":1,\"name\":\"Home\",\"item\":\"https:\/\/iwacentar.com\/\"},{\"@type\":\"ListItem\",\"position\":2,\"name\":\"Nagrade\"}]},{\"@type\":\"WebSite\",\"@id\":\"https:\/\/iwacentar.com\/#website\",\"url\":\"https:\/\/iwacentar.com\/\",\"name\":\"iwacentar\",\"description\":\"smestaj apartmani wellness vrnjacka banja\",\"potentialAction\":[{\"@type\":\"SearchAction\",\"target\":{\"@type\":\"EntryPoint\",\"urlTemplate\":\"https:\/\/iwacentar.com\/?s={search_term_string}\"},\"query-input\":\"required name=search_term_string\"}],\"inLanguage\":\"en-US\"}]}<\/script>\n<!-- \/ Yoast SEO plugin. -->","yoast_head_json":{"title":"Nagrade i priznanja Iwa wellness centar - smestaj Vrnjacka Banja","description":"Nagrede i priznanja Iwa wellness centar - smestaj Vrnjacka Banja, apartmani Vrnjacka Banja, smestaj u Vrnjackoj Banji, apartmani u Vrnjackoj Banji","robots":{"index":"index","follow":"follow","max-snippet":"max-snippet:-1","max-image-preview":"max-image-preview:large","max-video-preview":"max-video-preview:-1"},"canonical":"http:\/\/iwacentar.com\/?page_id=60","og_locale":"en_US","og_type":"article","og_title":"Nagrade i priznanja Iwa wellness centar - smestaj Vrnjacka Banja","og_description":"Nagrede i priznanja Iwa wellness centar - smestaj Vrnjacka Banja, apartmani Vrnjacka Banja, smestaj u Vrnjackoj Banji, apartmani u Vrnjackoj Banji","og_url":"http:\/\/iwacentar.com\/?page_id=60","og_site_name":"iwacentar","article_publisher":"https:\/\/www.facebook.com\/iwacentar\/","article_modified_time":"2019-10-26T08:08:04+00:00","og_image":[{"url":"http:\/\/iwacentar.com\/wp-content\/uploads\/2016\/10\/iwa-nagrade-5.jpg"}],"twitter_card":"summary_large_image","twitter_misc":{"Est. reading time":"1 minute"},"schema":{"@context":"https:\/\/schema.org","@graph":[{"@type":"WebPage","@id":"http:\/\/iwacentar.com\/?page_id=60","url":"http:\/\/iwacentar.com\/?page_id=60","name":"Nagrade i priznanja Iwa wellness centar - smestaj Vrnjacka Banja","isPartOf":{"@id":"https:\/\/iwacentar.com\/#website"},"datePublished":"2016-10-27T21:00:33+00:00","dateModified":"2019-10-26T08:08:04+00:00","description":"Nagrede i priznanja Iwa wellness centar - smestaj Vrnjacka Banja, apartmani Vrnjacka Banja, smestaj u Vrnjackoj Banji, apartmani u Vrnjackoj Banji","breadcrumb":{"@id":"http:\/\/iwacentar.com\/?page_id=60#breadcrumb"},"inLanguage":"en-US","potentialAction":[{"@type":"ReadAction","target":["http:\/\/iwacentar.com\/?page_id=60"]}]},{"@type":"BreadcrumbList","@id":"http:\/\/iwacentar.com\/?page_id=60#breadcrumb","itemListElement":[{"@type":"ListItem","position":1,"name":"Home","item":"https:\/\/iwacentar.com\/"},{"@type":"ListItem","position":2,"name":"Nagrade"}]},{"@type":"WebSite","@id":"https:\/\/iwacentar.com\/#website","url":"https:\/\/iwacentar.com\/","name":"iwacentar","description":"smestaj apartmani wellness vrnjacka banja","potentialAction":[{"@type":"SearchAction","target":{"@type":"EntryPoint","urlTemplate":"https:\/\/iwacentar.com\/?s={search_term_string}"},"query-input":"required name=search_term_string"}],"inLanguage":"en-US"}]}},"_links":{"self":[{"href":"http:\/\/iwacentar.com\/index.php?rest_route=\/wp\/v2\/pages\/60","targetHints":{"allow":["GET"]}}],"collection":[{"href":"http:\/\/iwacentar.com\/index.php?rest_route=\/wp\/v2\/pages"}],"about":[{"href":"http:\/\/iwacentar.com\/index.php?rest_route=\/wp\/v2\/types\/page"}],"author":[{"embeddable":true,"href":"http:\/\/iwacentar.com\/index.php?rest_route=\/wp\/v2\/users\/1"}],"replies":[{"embeddable":true,"href":"http:\/\/iwacentar.com\/index.php?rest_route=%2Fwp%2Fv2%2Fcomments&post=60"}],"version-history":[{"count":20,"href":"http:\/\/iwacentar.com\/index.php?rest_route=\/wp\/v2\/pages\/60\/revisions"}],"predecessor-version":[{"id":858,"href":"http:\/\/iwacentar.com\/index.php?rest_route=\/wp\/v2\/pages\/60\/revisions\/858"}],"wp:attachment":[{"href":"http:\/\/iwacentar.com\/index.php?rest_route=%2Fwp%2Fv2%2Fmedia&parent=60"}],"curies":[{"name":"wp","href":"https:\/\/api.w.org\/{rel}","templated":true}]}}