{"id":231,"date":"2016-10-29T19:49:37","date_gmt":"2016-10-29T19:49:37","guid":{"rendered":"http:\/\/iwacentar.com\/?page_id=231"},"modified":"2017-05-30T08:08:30","modified_gmt":"2017-05-30T06:08:30","slug":"o-vrnjackoj-banji","status":"publish","type":"page","link":"http:\/\/iwacentar.com\/?page_id=231","title":{"rendered":"O Vrnja\u010dkoj Banji"},"content":{"rendered":" \n<div class=\"ux-slider-wrapper relative\">\n    <div class=\"ux-slider iosSlider  slider-style-normal  slider-nav-dark slider-nav-inside slider-nav-circle js-flickity\" \n        data-flickity-options='{ \n            \"cellAlign\": \"center\",\n            \"imagesLoaded\": true,\n            \"lazyLoad\": 1,\n            \"freeScroll\": false,\n            \"wrapAround\": true,\n            \"autoPlay\": 3500,\n            \"prevNextButtons\": true,\n            \"contain\" : true,\n            \"percentPosition\": true,\n            \"pageDots\": true,\n            \"selectedAttraction\" : 0.1,\n            \"friction\": 0.6,\n            \"rightToLeft\": false,\n            \"draggable\": true        }'\n        style=\"\"\n        >\n           <div id=\"banner_1653868715\" class=\"ux_banner dark    \"  style=\"height:400px; \" data-height=\"400px\" role=\"banner\">\n                                  <div class=\"banner-bg \"  style=\"background-image:url('http:\/\/iwacentar.com\/wp-content\/uploads\/2016\/11\/vrnjacka-banja-iwa-centar-1.jpg'); \"><img decoding=\"async\" src=\"http:\/\/iwacentar.com\/wp-content\/uploads\/2016\/11\/vrnjacka-banja-iwa-centar-1.jpg\"  alt=\"\" style=\"visibility:hidden;\" \/><\/div>\n                             <div class=\"row\" >\n          <div class=\"inner right center text-center \"  style=\"width:40%;\">\n            <div class=\"inner-wrap animated bounceInUp\" style=\" \">\n              <h4 class=\"thin-font\">Iwa centar o Vrnja\u010dkoj Banji<\/h4>\n<h1>Vrnja\u010dka Banja<\/h1>\n<h4 class=\"thin-font\">sme\u0161taj &#8211; Vrnja\u010dka Banja<\/h4>\n<a href=\"http:\/\/iwacentar.com\/smestaj\/\" class=\"button medium alt-button dark\" >Sme\u0161taj<\/a>\n            <\/div>\n          <\/div>  \n        <\/div>\n                     <\/div><!-- end .ux_banner -->\n\n   <div id=\"banner_1020119460\" class=\"ux_banner light    \"  style=\"height:400px; \" data-height=\"400px\" role=\"banner\">\n                                  <div class=\"banner-bg \"  style=\"background-image:url('http:\/\/iwacentar.com\/wp-content\/uploads\/2016\/11\/vrnjacka-banja-iwa-centar-2.jpg'); \"><img decoding=\"async\" src=\"http:\/\/iwacentar.com\/wp-content\/uploads\/2016\/11\/vrnjacka-banja-iwa-centar-2.jpg\"  alt=\"\" style=\"visibility:hidden;\" \/><\/div>\n                             <div class=\"row\" >\n          <div class=\"inner left center text-center \"  style=\"width:40%;\">\n            <div class=\"inner-wrap animated bounceInUp\" style=\" \">\n              <h4 class=\"thin-font\">Iwa centar o Vrnja\u010dkoj Banji<\/h4>\n<h1>Planina Go\u010d<\/h1>\n<h4 class=\"thin-font\">15 km od Vrnja\u010dke Banje<\/h4>\n<a href=\"http:\/\/iwacentar.com\/o-nama\/\" class=\"button medium alt-button dark\" >O Iwa centru<\/a>\n            <\/div>\n          <\/div>  \n        <\/div>\n                     <\/div><!-- end .ux_banner -->\n\n     <\/div>\n    <div class=\"ux-loading dark\"><\/div>\n<\/div><!-- .ux-slider-wrapper -->\n\n\n<p>&nbsp;<\/p>\n<p>Sme\u0161tena u centralnoj Srbiji, izme\u0111u planine Go\u010d i reke Zapadne Morave, <strong>Vrnja\u010dka Banja<\/strong> je 1869. godine prvi put zvani\u010dno otvorila svoja vrata za turiste. Do\u017eivljavaju\u0107i postepen i konstantan razvoj od tada, postala je lider srpskog turizma. Kraljica. Najlep\u0161a banja Srbije.<br \/>\nPored termomineralnih, lekovitih izvora koji su nekada bili jedini razlog dolazaka turista, Vrnja\u010dka Banja danas obiluje doga\u0111ajima, manifestacijama i atrakcijama koji privla\u010de goste razli\u010dite starosne dobi i iz celog sveta.<br \/>\nSme\u0161tajni objekti: hoteli, vile i apartmani, raspore\u0111eni su od centra Banje pa do samih granica njene okoline i raspola\u017eu sa kapacitetom od preko 15.000 le\u017eajeva.<br \/>\nCentralni park, duga\u010dak 2 kilometra, ispod svojih kro\u0161nji krije mnogo toga \u0161to morate otkriti: izvore sa lekovitim vodama, cvetne aleje, skulpture, japanski vrt, teniske terene, de\u010dije igrali\u0161te, pe\u0161a\u010dke staze, ve\u0161ta\u010dku stenu za penjanje, bezbroj klupa za predah i jo\u0161 mnogo toga. Na samom njegovom kraju do\u010deka\u0107e vas \u201eOlimpijski\u201c \u2013 otvoreni bazen i u letnjim danima ponuditi osve\u017eenje.<br \/>\nBanjska promenada \u2013 \u0161etali\u0161na zona, osim Amfiteatra sa 1.500 mesta za sedenje, bioskopsko-pozori\u0161ne sale i biblioteke, obiluje ugostiteljskim i trgovinskim objektima.<br \/>\nU sezoni vas kroz sve to mo\u017ee provozati mini voz koji ne uskra\u0107uje pogled na okolinu. Za one sportskog duha tu su sportski tereni \u201eRaj\u201c sa atletskom stazom, stadion malih sportova \u201eKocka\u201c, sportska hala \u201eVlade Divac\u201c\u2026<br \/>\nU neposrednoj blizini nalazi se nekoliko \u010duvenih manastira: \u017di\u010da, Ljubostinja, Studenica, Sveta Petka\u2026 Najpoznatije izleti\u0161te na Go\u010du poziva na duge \u0161etnje i \u010dist, opojan vazduh.<br \/>\nZapravo, Vrnja\u010dka Banja je pre svega i iznad svega \u2013 banja! I samim tim, njena najva\u017enija svojstva jesu voda i vazduh !<\/p>\n<p>O\u010dekujemo Vas\u2026<\/p>\n<p>&nbsp;<\/p>\n<p><a href=\"http:\/\/iwacentar.com\/o-vrnjackoj-banji\/dogadaji-vrnjacka-banja\/\">Pogledajte <strong>Kalendar doga\u0111aja \u2013 Vrnja\u010dka Banja<\/strong><\/a><\/p>\n","protected":false},"excerpt":{"rendered":"<p>&nbsp; Sme\u0161tena u centralnoj Srbiji, izme\u0111u planine Go\u010d i reke Zapadne Morave, Vrnja\u010dka Banja je 1869. godine prvi put zvani\u010dno otvorila svoja vrata za turiste. Do\u017eivljavaju\u0107i postepen i konstantan razvoj od tada, postala je lider srpskog turizma. Kraljica. Najlep\u0161a banja Srbije. Pored termomineralnih, lekovitih izvora koji su nekada bili jedini razlog dolazaka turista, Vrnja\u010dka Banja [&hellip;]\n","protected":false},"author":1,"featured_media":0,"parent":0,"menu_order":0,"comment_status":"closed","ping_status":"closed","template":"","meta":{"footnotes":""},"class_list":["post-231","page","type-page","status-publish","hentry"],"yoast_head":"<!-- This site is optimized with the Yoast SEO plugin v21.4 - https:\/\/yoast.com\/wordpress\/plugins\/seo\/ -->\n<title>Iwa centar, upoznajte Vrnja\u010dku Banju, najlep\u0161u banju u Srbiji<\/title>\n<meta name=\"description\" content=\"Iwa centar, sme\u0161taj, apartmani, wellness Vrnja\u010dka Banja, velnes, sauna, masa\u017ee, ru\u010dna masa\u017ea, profesionalno, kvalitetno, u samo mcentru\" \/>\n<meta name=\"robots\" content=\"index, follow, max-snippet:-1, max-image-preview:large, max-video-preview:-1\" \/>\n<link rel=\"canonical\" href=\"http:\/\/iwacentar.com\/?page_id=231\" \/>\n<meta property=\"og:locale\" content=\"en_US\" \/>\n<meta property=\"og:type\" content=\"article\" \/>\n<meta property=\"og:title\" content=\"Iwa centar, upoznajte Vrnja\u010dku Banju, najlep\u0161u banju u Srbiji\" \/>\n<meta property=\"og:description\" content=\"Iwa centar, sme\u0161taj, apartmani, wellness Vrnja\u010dka Banja, velnes, sauna, masa\u017ee, ru\u010dna masa\u017ea, profesionalno, kvalitetno, u samo mcentru\" \/>\n<meta property=\"og:url\" content=\"http:\/\/iwacentar.com\/?page_id=231\" \/>\n<meta property=\"og:site_name\" content=\"iwacentar\" \/>\n<meta property=\"article:publisher\" content=\"https:\/\/www.facebook.com\/iwacentar\/\" \/>\n<meta property=\"article:modified_time\" content=\"2017-05-30T06:08:30+00:00\" \/>\n<meta name=\"twitter:card\" content=\"summary_large_image\" \/>\n<meta name=\"twitter:label1\" content=\"Est. reading time\" \/>\n\t<meta name=\"twitter:data1\" content=\"2 minutes\" \/>\n<script type=\"application\/ld+json\" class=\"yoast-schema-graph\">{\"@context\":\"https:\/\/schema.org\",\"@graph\":[{\"@type\":\"WebPage\",\"@id\":\"http:\/\/iwacentar.com\/?page_id=231\",\"url\":\"http:\/\/iwacentar.com\/?page_id=231\",\"name\":\"Iwa centar, upoznajte Vrnja\u010dku Banju, najlep\u0161u banju u Srbiji\",\"isPartOf\":{\"@id\":\"https:\/\/iwacentar.com\/#website\"},\"datePublished\":\"2016-10-29T19:49:37+00:00\",\"dateModified\":\"2017-05-30T06:08:30+00:00\",\"description\":\"Iwa centar, sme\u0161taj, apartmani, wellness Vrnja\u010dka Banja, velnes, sauna, masa\u017ee, ru\u010dna masa\u017ea, profesionalno, kvalitetno, u samo mcentru\",\"breadcrumb\":{\"@id\":\"http:\/\/iwacentar.com\/?page_id=231#breadcrumb\"},\"inLanguage\":\"en-US\",\"potentialAction\":[{\"@type\":\"ReadAction\",\"target\":[\"http:\/\/iwacentar.com\/?page_id=231\"]}]},{\"@type\":\"BreadcrumbList\",\"@id\":\"http:\/\/iwacentar.com\/?page_id=231#breadcrumb\",\"itemListElement\":[{\"@type\":\"ListItem\",\"position\":1,\"name\":\"Home\",\"item\":\"https:\/\/iwacentar.com\/\"},{\"@type\":\"ListItem\",\"position\":2,\"name\":\"O Vrnja\u010dkoj Banji\"}]},{\"@type\":\"WebSite\",\"@id\":\"https:\/\/iwacentar.com\/#website\",\"url\":\"https:\/\/iwacentar.com\/\",\"name\":\"iwacentar\",\"description\":\"smestaj apartmani wellness vrnjacka banja\",\"potentialAction\":[{\"@type\":\"SearchAction\",\"target\":{\"@type\":\"EntryPoint\",\"urlTemplate\":\"https:\/\/iwacentar.com\/?s={search_term_string}\"},\"query-input\":\"required name=search_term_string\"}],\"inLanguage\":\"en-US\"}]}<\/script>\n<!-- \/ Yoast SEO plugin. -->","yoast_head_json":{"title":"Iwa centar, upoznajte Vrnja\u010dku Banju, najlep\u0161u banju u Srbiji","description":"Iwa centar, sme\u0161taj, apartmani, wellness Vrnja\u010dka Banja, velnes, sauna, masa\u017ee, ru\u010dna masa\u017ea, profesionalno, kvalitetno, u samo mcentru","robots":{"index":"index","follow":"follow","max-snippet":"max-snippet:-1","max-image-preview":"max-image-preview:large","max-video-preview":"max-video-preview:-1"},"canonical":"http:\/\/iwacentar.com\/?page_id=231","og_locale":"en_US","og_type":"article","og_title":"Iwa centar, upoznajte Vrnja\u010dku Banju, najlep\u0161u banju u Srbiji","og_description":"Iwa centar, sme\u0161taj, apartmani, wellness Vrnja\u010dka Banja, velnes, sauna, masa\u017ee, ru\u010dna masa\u017ea, profesionalno, kvalitetno, u samo mcentru","og_url":"http:\/\/iwacentar.com\/?page_id=231","og_site_name":"iwacentar","article_publisher":"https:\/\/www.facebook.com\/iwacentar\/","article_modified_time":"2017-05-30T06:08:30+00:00","twitter_card":"summary_large_image","twitter_misc":{"Est. reading time":"2 minutes"},"schema":{"@context":"https:\/\/schema.org","@graph":[{"@type":"WebPage","@id":"http:\/\/iwacentar.com\/?page_id=231","url":"http:\/\/iwacentar.com\/?page_id=231","name":"Iwa centar, upoznajte Vrnja\u010dku Banju, najlep\u0161u banju u Srbiji","isPartOf":{"@id":"https:\/\/iwacentar.com\/#website"},"datePublished":"2016-10-29T19:49:37+00:00","dateModified":"2017-05-30T06:08:30+00:00","description":"Iwa centar, sme\u0161taj, apartmani, wellness Vrnja\u010dka Banja, velnes, sauna, masa\u017ee, ru\u010dna masa\u017ea, profesionalno, kvalitetno, u samo mcentru","breadcrumb":{"@id":"http:\/\/iwacentar.com\/?page_id=231#breadcrumb"},"inLanguage":"en-US","potentialAction":[{"@type":"ReadAction","target":["http:\/\/iwacentar.com\/?page_id=231"]}]},{"@type":"BreadcrumbList","@id":"http:\/\/iwacentar.com\/?page_id=231#breadcrumb","itemListElement":[{"@type":"ListItem","position":1,"name":"Home","item":"https:\/\/iwacentar.com\/"},{"@type":"ListItem","position":2,"name":"O Vrnja\u010dkoj Banji"}]},{"@type":"WebSite","@id":"https:\/\/iwacentar.com\/#website","url":"https:\/\/iwacentar.com\/","name":"iwacentar","description":"smestaj apartmani wellness vrnjacka banja","potentialAction":[{"@type":"SearchAction","target":{"@type":"EntryPoint","urlTemplate":"https:\/\/iwacentar.com\/?s={search_term_string}"},"query-input":"required name=search_term_string"}],"inLanguage":"en-US"}]}},"_links":{"self":[{"href":"http:\/\/iwacentar.com\/index.php?rest_route=\/wp\/v2\/pages\/231","targetHints":{"allow":["GET"]}}],"collection":[{"href":"http:\/\/iwacentar.com\/index.php?rest_route=\/wp\/v2\/pages"}],"about":[{"href":"http:\/\/iwacentar.com\/index.php?rest_route=\/wp\/v2\/types\/page"}],"author":[{"embeddable":true,"href":"http:\/\/iwacentar.com\/index.php?rest_route=\/wp\/v2\/users\/1"}],"replies":[{"embeddable":true,"href":"http:\/\/iwacentar.com\/index.php?rest_route=%2Fwp%2Fv2%2Fcomments&post=231"}],"version-history":[{"count":31,"href":"http:\/\/iwacentar.com\/index.php?rest_route=\/wp\/v2\/pages\/231\/revisions"}],"predecessor-version":[{"id":499,"href":"http:\/\/iwacentar.com\/index.php?rest_route=\/wp\/v2\/pages\/231\/revisions\/499"}],"wp:attachment":[{"href":"http:\/\/iwacentar.com\/index.php?rest_route=%2Fwp%2Fv2%2Fmedia&parent=231"}],"curies":[{"name":"wp","href":"https:\/\/api.w.org\/{rel}","templated":true}]}}