{"id":187,"date":"2016-10-28T13:10:53","date_gmt":"2016-10-28T13:10:53","guid":{"rendered":"http:\/\/iwacentar.com\/?page_id=187"},"modified":"2018-01-17T19:45:45","modified_gmt":"2018-01-17T17:45:45","slug":"apartman-smestaj","status":"publish","type":"page","link":"http:\/\/iwacentar.com\/?page_id=187","title":{"rendered":"Apartman"},"content":{"rendered":"<h1>Apartmani Vrnjacka Banja<\/h1>\n<p>&nbsp;<\/p>\n<p><img loading=\"lazy\" decoding=\"async\" class=\"wp-image-564 size-full\" title=\"apartmani smestaj vrnjacka banja\" src=\"http:\/\/iwacentar.com\/wp-content\/uploads\/2016\/10\/iwa-zima-3.jpg\" alt=\"apartmani smestaj vrnjacka banja\" width=\"1050\" height=\"400\" srcset=\"http:\/\/iwacentar.com\/wp-content\/uploads\/2016\/10\/iwa-zima-3.jpg 1050w, http:\/\/iwacentar.com\/wp-content\/uploads\/2016\/10\/iwa-zima-3-800x305.jpg 800w, http:\/\/iwacentar.com\/wp-content\/uploads\/2016\/10\/iwa-zima-3-768x293.jpg 768w\" sizes=\"auto, (max-width: 1050px) 100vw, 1050px\" \/><\/p>\n<p><strong>4-5 osoba\u2026<\/strong><\/p>\n<p>Nedaleko od centralnog vrnja\u010dkog parka, mineralnih izvora i \u0161etali\u0161ne zone\/Promenade (na 500 metara udaljenosti) sme\u0161tena su tri kompleksa, koja \u010dine jedan objekat i u kome se nalaze apartmani koje Vam nudimo za iznajmljivanje.<\/p>\n<p>\u2022 Okru\u017eeni su divno ure\u0111enim dvori\u0161tem punim zelenila i udobnim prostorom za sedenje<br \/>\n\u2022 Poseduju parking prostor sa video nadzorom, a na zahtev \u2013 tu je i podzemna gara\u017ea<br \/>\n\u2022 Opremljeni su kvalitetno, udobno i funkcionalno; veselih, <wbr \/>savremenih boja, kako bi Vam sme\u0161taj i boravak kod nas bili \u0161to prijatniji<\/p>\n<p>Svaki apartman (povr\u0161ine 46-50 m\u00b2) poseduje:<br \/>\n\u2022 hodnik sa garderoberom<br \/>\n\u2022 kupatilo sa tu\u0161 kabinom i fenom<br \/>\n\u2022 spava\u0107u sobu (1 francuski + 1 singl le\u017eaj)<br \/>\n\u2022 dnevni boravak (1 veliki le\u017eaj, prostor za sedenje)<br \/>\n\u2022 opremljenu kuhinju<br \/>\n\u2022 mini bar<br \/>\n\u2022 kablovsku TV, Wi-fi<br \/>\n\u2022 terasu ili balkonac<br \/>\n\u2022 krevetac sa kompletnom opremom \u2013 po potrebi<br \/>\n\u2022 raspore\u0111eni su na prizemlju, I i II spratu<\/p>\n<p>Odmor ili poslovno putovanje ?!<br \/>\nPodjednako \u0107e Vam biti prijatni u apartmanima \u201eIwa centra\u201c, u najlep\u0161oj banji Srbije \u2013 Vrnja\u010dkoj Banji.<\/p>\n<p><em><span style=\"color: #ff6600;\"><strong>Dobro do\u0161li !<\/strong><\/span><\/em><br \/>\n<style id=\"bwg-style-0\">    #bwg_container1_0 #bwg_container2_0 .bwg-container-0.bwg-standard-thumbnails {      width: 644px;              justify-content: center;        margin:0 auto !important;              background-color: rgba(255, 255, 255, 0.00);            padding-left: 4px;      padding-top: 4px;      max-width: 100%;            }        #bwg_container1_0 #bwg_container2_0 .bwg-container-0.bwg-standard-thumbnails .bwg-item {    justify-content: flex-start;      max-width: 320px;            width: 320px !important;          }    #bwg_container1_0 #bwg_container2_0 .bwg-container-0.bwg-standard-thumbnails .bwg-item a {       margin-right: 4px;       margin-bottom: 4px;    }    #bwg_container1_0 #bwg_container2_0 .bwg-container-0.bwg-standard-thumbnails .bwg-item0 {      padding: 0px;            background-color:rgba(255,255,255, 0.30);      border: 0px none #CCCCCC;      opacity: 1.00;      border-radius: 0;      box-shadow: 0px 0px 0px #888888;    }    #bwg_container1_0 #bwg_container2_0 .bwg-container-0.bwg-standard-thumbnails .bwg-item1 img {      max-height: none;      max-width: none;      padding: 0 !important;    }        @media only screen and (min-width: 480px) {      #bwg_container1_0 #bwg_container2_0 .bwg-container-0.bwg-standard-thumbnails .bwg-item0 {        transition: all 0.3s ease 0s;-webkit-transition: all 0.3s ease 0s;      }      #bwg_container1_0 #bwg_container2_0 .bwg-container-0.bwg-standard-thumbnails .bwg-item0:hover {        -ms-transform: scale(1.1);        -webkit-transform: scale(1.1);        transform: scale(1.1);      }    }          #bwg_container1_0 #bwg_container2_0 .bwg-container-0.bwg-standard-thumbnails .bwg-item1 {      padding-top: 66.5625%;    }        #bwg_container1_0 #bwg_container2_0 .bwg-container-0.bwg-standard-thumbnails .bwg-title2,    #bwg_container1_0 #bwg_container2_0 .bwg-container-0.bwg-standard-thumbnails .bwg-ecommerce2 {      color: #CCCCCC;      font-family: segoe ui;      font-size: 16px;      font-weight: bold;      padding: 2px;      text-shadow: 0px 0px 0px #888888;      max-height: 100%;    }    #bwg_container1_0 #bwg_container2_0 .bwg-container-0.bwg-standard-thumbnails .bwg-thumb-description span {    color: #323A45;    font-family: Ubuntu;    font-size: 12px;    max-height: 100%;    word-wrap: break-word;    }    #bwg_container1_0 #bwg_container2_0 .bwg-container-0.bwg-standard-thumbnails .bwg-play-icon2 {      font-size: 32px;    }    #bwg_container1_0 #bwg_container2_0 .bwg-container-0.bwg-standard-thumbnails .bwg-ecommerce2 {      font-size: 19.2px;      color: #CCCCCC;    }    <\/style>    <div id=\"bwg_container1_0\"         class=\"bwg_container bwg_thumbnail bwg_thumbnails \"         data-right-click-protection=\"0\"         data-bwg=\"0\"         data-scroll=\"0\"         data-gallery-type=\"thumbnails\"         data-gallery-view-type=\"thumbnails\"         data-current-url=\"\/index.php?rest_route=%2Fwp%2Fv2%2Fpages%2F187\"         data-lightbox-url=\"http:\/\/iwacentar.com\/wp-admin\/admin-ajax.php?action=GalleryBox&#038;current_view=0&#038;gallery_id=12&#038;tag=0&#038;theme_id=1&#038;shortcode_id=15&#038;sort_by=order&#038;order_by=desc&#038;current_url=%2Findex.php%3Frest_route%3D%252Fwp%252Fv2%252Fpages%252F187\"         data-gallery-id=\"12\"         data-popup-width=\"1200\"         data-popup-height=\"797\"         data-is-album=\"gallery\"         data-buttons-position=\"bottom\">      <div id=\"bwg_container2_0\">             <div id=\"ajax_loading_0\" class=\"bwg_loading_div_1\">      <div class=\"bwg_loading_div_2\">        <div class=\"bwg_loading_div_3\">          <div id=\"loading_div_0\" class=\"bwg_spider_ajax_loading\">          <\/div>        <\/div>      <\/div>    <\/div>            <form id=\"gal_front_form_0\"              class=\"bwg-hidden\"              method=\"post\"              action=\"#\"              data-current=\"0\"              data-shortcode-id=\"15\"              data-gallery-type=\"thumbnails\"              data-gallery-id=\"12\"              data-tag=\"0\"              data-album-id=\"0\"              data-theme-id=\"1\"              data-ajax-url=\"http:\/\/iwacentar.com\/wp-admin\/admin-ajax.php?action=bwg_frontend_data\">          <div id=\"bwg_container3_0\" class=\"bwg-background bwg-background-0\">                <div data-max-count=\"2\"         data-thumbnail-width=\"320\"         data-bwg=\"0\"         data-gallery-id=\"12\"         data-lightbox-url=\"http:\/\/iwacentar.com\/wp-admin\/admin-ajax.php?action=GalleryBox&amp;current_view=0&amp;gallery_id=12&amp;tag=0&amp;theme_id=1&amp;shortcode_id=15&amp;sort_by=order&amp;order_by=desc&amp;current_url=%2Findex.php%3Frest_route%3D%252Fwp%252Fv2%252Fpages%252F187\"         id=\"bwg_thumbnails_0\"         class=\"bwg-container-0 bwg-thumbnails bwg-standard-thumbnails bwg-container bwg-border-box\">            <div class=\"bwg-item\">        <a class=\"bwg-a  bwg_lightbox\"  data-image-id=\"115\" href=\"http:\/\/iwacentar.com\/wp-content\/uploads\/photo-gallery\/apartman-page\/a-4.jpg\" data-elementor-open-lightbox=\"no\">                <div class=\"bwg-item0 \">          <div class=\"bwg-item1 \">            <div class=\"bwg-item2\">              <img decoding=\"async\" class=\"skip-lazy bwg_standart_thumb_img_0 \"                   data-id=\"115\"                   data-width=\"\"                   data-height=\"\"                   data-src=\"http:\/\/iwacentar.com\/wp-content\/uploads\/photo-gallery\/apartman-page\/thumb\/a-4.jpg\"                   src=\"http:\/\/iwacentar.com\/wp-content\/uploads\/photo-gallery\/apartman-page\/thumb\/a-4.jpg\"                   alt=\"a-4\"                   title=\"a-4\" \/>            <\/div>            <div class=\"\">                                                      <\/div>          <\/div>        <\/div>                        <\/a>              <\/div>            <div class=\"bwg-item\">        <a class=\"bwg-a  bwg_lightbox\"  data-image-id=\"116\" href=\"http:\/\/iwacentar.com\/wp-content\/uploads\/photo-gallery\/apartman-page\/a-5.jpg\" data-elementor-open-lightbox=\"no\">                <div class=\"bwg-item0 \">          <div class=\"bwg-item1 \">            <div class=\"bwg-item2\">              <img decoding=\"async\" class=\"skip-lazy bwg_standart_thumb_img_0 \"                   data-id=\"116\"                   data-width=\"\"                   data-height=\"\"                   data-src=\"http:\/\/iwacentar.com\/wp-content\/uploads\/photo-gallery\/apartman-page\/thumb\/a-5.jpg\"                   src=\"http:\/\/iwacentar.com\/wp-content\/uploads\/photo-gallery\/apartman-page\/thumb\/a-5.jpg\"                   alt=\"a-5\"                   title=\"a-5\" \/>            <\/div>            <div class=\"\">                                                      <\/div>          <\/div>        <\/div>                        <\/a>              <\/div>            <div class=\"bwg-item\">        <a class=\"bwg-a  bwg_lightbox\"  data-image-id=\"117\" href=\"http:\/\/iwacentar.com\/wp-content\/uploads\/photo-gallery\/apartman-page\/a-3.jpg\" data-elementor-open-lightbox=\"no\">                <div class=\"bwg-item0 \">          <div class=\"bwg-item1 \">            <div class=\"bwg-item2\">              <img decoding=\"async\" class=\"skip-lazy bwg_standart_thumb_img_0 \"                   data-id=\"117\"                   data-width=\"\"                   data-height=\"\"                   data-src=\"http:\/\/iwacentar.com\/wp-content\/uploads\/photo-gallery\/apartman-page\/thumb\/a-3.jpg\"                   src=\"http:\/\/iwacentar.com\/wp-content\/uploads\/photo-gallery\/apartman-page\/thumb\/a-3.jpg\"                   alt=\"a-3\"                   title=\"a-3\" \/>            <\/div>            <div class=\"\">                                                      <\/div>          <\/div>        <\/div>                        <\/a>              <\/div>            <div class=\"bwg-item\">        <a class=\"bwg-a  bwg_lightbox\"  data-image-id=\"118\" href=\"http:\/\/iwacentar.com\/wp-content\/uploads\/photo-gallery\/apartman-page\/a-2.jpg\" data-elementor-open-lightbox=\"no\">                <div class=\"bwg-item0 \">          <div class=\"bwg-item1 \">            <div class=\"bwg-item2\">              <img decoding=\"async\" class=\"skip-lazy bwg_standart_thumb_img_0 \"                   data-id=\"118\"                   data-width=\"\"                   data-height=\"\"                   data-src=\"http:\/\/iwacentar.com\/wp-content\/uploads\/photo-gallery\/apartman-page\/thumb\/a-2.jpg\"                   src=\"http:\/\/iwacentar.com\/wp-content\/uploads\/photo-gallery\/apartman-page\/thumb\/a-2.jpg\"                   alt=\"a-2\"                   title=\"a-2\" \/>            <\/div>            <div class=\"\">                                                      <\/div>          <\/div>        <\/div>                        <\/a>              <\/div>            <div class=\"bwg-item\">        <a class=\"bwg-a  bwg_lightbox\"  data-image-id=\"119\" href=\"http:\/\/iwacentar.com\/wp-content\/uploads\/photo-gallery\/apartman-page\/a-1.JPG\" data-elementor-open-lightbox=\"no\">                <div class=\"bwg-item0 \">          <div class=\"bwg-item1 \">            <div class=\"bwg-item2\">              <img decoding=\"async\" class=\"skip-lazy bwg_standart_thumb_img_0 \"                   data-id=\"119\"                   data-width=\"\"                   data-height=\"\"                   data-src=\"http:\/\/iwacentar.com\/wp-content\/uploads\/photo-gallery\/apartman-page\/thumb\/a-1.JPG\"                   src=\"http:\/\/iwacentar.com\/wp-content\/uploads\/photo-gallery\/apartman-page\/thumb\/a-1.JPG\"                   alt=\"a-1\"                   title=\"a-1\" \/>            <\/div>            <div class=\"\">                                                      <\/div>          <\/div>        <\/div>                        <\/a>              <\/div>            <div class=\"bwg-item\">        <a class=\"bwg-a  bwg_lightbox\"  data-image-id=\"120\" href=\"http:\/\/iwacentar.com\/wp-content\/uploads\/photo-gallery\/apartman-page\/a-6.jpg\" data-elementor-open-lightbox=\"no\">                <div class=\"bwg-item0 \">          <div class=\"bwg-item1 \">            <div class=\"bwg-item2\">              <img decoding=\"async\" class=\"skip-lazy bwg_standart_thumb_img_0 \"                   data-id=\"120\"                   data-width=\"\"                   data-height=\"\"                   data-src=\"http:\/\/iwacentar.com\/wp-content\/uploads\/photo-gallery\/apartman-page\/thumb\/a-6.jpg\"                   src=\"http:\/\/iwacentar.com\/wp-content\/uploads\/photo-gallery\/apartman-page\/thumb\/a-6.jpg\"                   alt=\"a-6\"                   title=\"a-6\" \/>            <\/div>            <div class=\"\">                                                      <\/div>          <\/div>        <\/div>                        <\/a>              <\/div>          <\/div>    <style>      \/*pagination styles*\/      #bwg_container1_0 #bwg_container2_0 .tablenav-pages_0 {\t\t\t\ttext-align: center;\t\t\t\tfont-size: 12px;\t\t\t\tfont-family: segoe ui;\t\t\t\tfont-weight: bold;\t\t\t\tcolor: #666666;\t\t\t\tmargin: 6px 0 4px;\t\t\t\tdisplay: block;      }      @media only screen and (max-width : 320px) {      #bwg_container1_0 #bwg_container2_0 .displaying-num_0 {     \t display: none;      }      }      #bwg_container1_0 #bwg_container2_0 .displaying-num_0 {\t\t\t\tfont-size: 12px;\t\t\t\tfont-family: segoe ui;\t\t\t\tfont-weight: bold;\t\t\t\tcolor: #666666;\t\t\t\tmargin-right: 10px;\t\t\t\tvertical-align: middle;      }      #bwg_container1_0 #bwg_container2_0 .paging-input_0 {\t\t\t\tfont-size: 12px;\t\t\t\tfont-family: segoe ui;\t\t\t\tfont-weight: bold;\t\t\t\tcolor: #666666;\t\t\t\tvertical-align: middle;      }      #bwg_container1_0 #bwg_container2_0 .tablenav-pages_0 a.disabled,      #bwg_container1_0 #bwg_container2_0 .tablenav-pages_0 a.disabled:hover,      #bwg_container1_0 #bwg_container2_0 .tablenav-pages_0 a.disabled:focus,\t\t\t#bwg_container1_0 #bwg_container2_0 .tablenav-pages_0 input.bwg_current_page {\t\t\t\tcursor: default;\t\t\t\tcolor: rgba(102, 102, 102, 0.5);      }      #bwg_container1_0 #bwg_container2_0 .tablenav-pages_0 a,      #bwg_container1_0 #bwg_container2_0 .tablenav-pages_0 input.bwg_current_page {\t\t\t\tcursor: pointer;\t\t\t\ttext-align: center;\t\t\t\tfont-size: 12px;\t\t\t\tfont-family: segoe ui;\t\t\t\tfont-weight: bold;\t\t\t\tcolor: #666666;\t\t\t\ttext-decoration: none;\t\t\t\tpadding: 3px 6px;\t\t\t\tmargin: 0;\t\t\t\tborder-radius: 0;\t\t\t\tborder-style: solid;\t\t\t\tborder-width: 1px;\t\t\t\tborder-color: #E3E3E3;\t\t\t\t\t\t\t\tbackground-color: rgba(255, 255, 255, 1.00);\t\t\t\tbox-shadow: 0;\t\t\t\ttransition: all 0.3s ease 0s;-webkit-transition: all 0.3s ease 0s;      }      <\/style>      <span class=\"bwg_nav_cont_0\">              <div class=\"tablenav-pages_0\">                  <\/div>                <input type=\"hidden\" id=\"page_number_0\" name=\"page_number_0\" value=\"1\" \/>      <script type=\"text\/javascript\">        if( jQuery('.bwg_nav_cont_0').length > 1 ) {          jQuery('.bwg_nav_cont_0').first().remove()        }        function spider_page_0(cur, x, y, load_more) {          if (typeof load_more == \"undefined\") {            var load_more = false;          }          if (jQuery(cur).hasClass('disabled')) {            return false;          }          var items_county_0 = 1;          switch (y) {            case 1:              if (x >= items_county_0) {                document.getElementById('page_number_0').value = items_county_0;              }              else {                document.getElementById('page_number_0').value = x + 1;              }              break;            case 2:              document.getElementById('page_number_0').value = items_county_0;              break;            case -1:              if (x == 1) {                document.getElementById('page_number_0').value = 1;              }              else {                document.getElementById('page_number_0').value = x - 1;              }              break;            case -2:              document.getElementById('page_number_0').value = 1;              break;\t\t\t\t\t\tcase 0:              document.getElementById('page_number_0').value = x;              break;            default:              document.getElementById('page_number_0').value = 1;          }          bwg_ajax('gal_front_form_0', '0', 'bwg_thumbnails_0', '0', '', 'gallery', 0, '', '', load_more, '', 1);        }                    jQuery('.first-page-0').on('click', function () {              spider_page_0(this, 1, -2, 'numeric');              return false;            });            jQuery('.prev-page-0').on('click', function () {              spider_page_0(this, 1, -1, 'numeric');              return false;            });            jQuery('.next-page-0').on('click', function () {              spider_page_0(this, 1, 1, 'numeric');              return false;            });            jQuery('.last-page-0').on('click', function () {              spider_page_0(this, 1, 2, 'numeric');              return false;            });        \t\t\t\t\/* Change page on input enter. *\/        function bwg_change_page_0( e, that ) {          if (  e.key == 'Enter' ) {            var to_page = parseInt(jQuery(that).val());            var pages_count = jQuery(that).parents(\".pagination-links\").data(\"pages-count\");            var current_url_param = jQuery(that).attr('data-url-info');            if (to_page > pages_count) {              to_page = 1;            }\t \t\t\t\t\t\t\t\t\t\t\t\tspider_page_0(this, to_page, 0, 'numeric');\t\t\t\t\t\t\treturn false;\t\t\t\t\t\t          }          return true;        }        jQuery('.bwg_load_btn_0').on('click', function () {            spider_page_0(this, 1, 1, true);            return false;        });      <\/script>      <\/span>                <\/div>        <\/form>        <style>          #bwg_container1_0 #bwg_container2_0 #spider_popup_overlay_0 {          background-color: #000000;          opacity: 0.70;          }          <\/style>        <div id=\"bwg_spider_popup_loading_0\" class=\"bwg_spider_popup_loading\"><\/div>        <div id=\"spider_popup_overlay_0\" class=\"spider_popup_overlay\" onclick=\"spider_destroypopup(1000)\"><\/div>        <input type=\"hidden\" id=\"bwg_random_seed_0\" value=\"992289262\">                <\/div>    <\/div>    <script>      if (document.readyState === 'complete') {        if( typeof bwg_main_ready == 'function' ) {          if ( jQuery(\"#bwg_container1_0\").height() ) {            bwg_main_ready(jQuery(\"#bwg_container1_0\"));          }        }      } else {        document.addEventListener('DOMContentLoaded', function() {          if( typeof bwg_main_ready == 'function' ) {            if ( jQuery(\"#bwg_container1_0\").height() ) {             bwg_main_ready(jQuery(\"#bwg_container1_0\"));            }          }        });      }    <\/script>    \n<p>&nbsp;<\/p>\n<p>&nbsp;<\/p>\n<p>&nbsp;<\/p>\n<p>&nbsp;<\/p>\n<p>&nbsp;<\/p>\n<p>&nbsp;<\/p>\n<p>&nbsp;<\/p>\n","protected":false},"excerpt":{"rendered":"<p>Apartmani Vrnjacka Banja &nbsp; 4-5 osoba\u2026 Nedaleko od centralnog vrnja\u010dkog parka, mineralnih izvora i \u0161etali\u0161ne zone\/Promenade (na 500 metara udaljenosti) sme\u0161tena su tri kompleksa, koja \u010dine jedan objekat i u kome se nalaze apartmani koje Vam nudimo za iznajmljivanje. \u2022 Okru\u017eeni su divno ure\u0111enim dvori\u0161tem punim zelenila i udobnim prostorom za sedenje \u2022 Poseduju parking [&hellip;]\n","protected":false},"author":1,"featured_media":0,"parent":7,"menu_order":0,"comment_status":"closed","ping_status":"closed","template":"page-blank-sub-nav-vertical.php","meta":{"footnotes":""},"class_list":["post-187","page","type-page","status-publish","hentry"],"yoast_head":"<!-- This site is optimized with the Yoast SEO plugin v21.4 - https:\/\/yoast.com\/wordpress\/plugins\/seo\/ -->\n<title>Apartmani Vrnjacka Banja u centru Vrnjacke Banje - Iwa centar, smestaj<\/title>\n<meta name=\"description\" content=\"Apartmani u centru Vrnjacke Banje, po povoljnim cenama, sa obezbedjenim parkingom, wifi, kuhinja, kablovska, odvojena spavaca soba\" \/>\n<meta name=\"robots\" content=\"index, follow, max-snippet:-1, max-image-preview:large, max-video-preview:-1\" \/>\n<link rel=\"canonical\" href=\"http:\/\/iwacentar.com\/?page_id=187\" \/>\n<meta property=\"og:locale\" content=\"en_US\" \/>\n<meta property=\"og:type\" content=\"article\" \/>\n<meta property=\"og:title\" content=\"Apartmani Vrnjacka Banja u centru Vrnjacke Banje - Iwa centar, smestaj\" \/>\n<meta property=\"og:description\" content=\"Apartmani u centru Vrnjacke Banje, po povoljnim cenama, sa obezbedjenim parkingom, wifi, kuhinja, kablovska, odvojena spavaca soba\" \/>\n<meta property=\"og:url\" content=\"http:\/\/iwacentar.com\/?page_id=187\" \/>\n<meta property=\"og:site_name\" content=\"iwacentar\" \/>\n<meta property=\"article:publisher\" content=\"https:\/\/www.facebook.com\/iwacentar\/\" \/>\n<meta property=\"article:modified_time\" content=\"2018-01-17T17:45:45+00:00\" \/>\n<meta property=\"og:image\" content=\"http:\/\/iwacentar.com\/wp-content\/uploads\/2016\/10\/iwa-zima-3.jpg\" \/>\n<meta name=\"twitter:card\" content=\"summary_large_image\" \/>\n<meta name=\"twitter:label1\" content=\"Est. reading time\" \/>\n\t<meta name=\"twitter:data1\" content=\"1 minute\" \/>\n<script type=\"application\/ld+json\" class=\"yoast-schema-graph\">{\"@context\":\"https:\/\/schema.org\",\"@graph\":[{\"@type\":\"WebPage\",\"@id\":\"http:\/\/iwacentar.com\/?page_id=187\",\"url\":\"http:\/\/iwacentar.com\/?page_id=187\",\"name\":\"Apartmani Vrnjacka Banja u centru Vrnjacke Banje - Iwa centar, smestaj\",\"isPartOf\":{\"@id\":\"https:\/\/iwacentar.com\/#website\"},\"datePublished\":\"2016-10-28T13:10:53+00:00\",\"dateModified\":\"2018-01-17T17:45:45+00:00\",\"description\":\"Apartmani u centru Vrnjacke Banje, po povoljnim cenama, sa obezbedjenim parkingom, wifi, kuhinja, kablovska, odvojena spavaca soba\",\"breadcrumb\":{\"@id\":\"http:\/\/iwacentar.com\/?page_id=187#breadcrumb\"},\"inLanguage\":\"en-US\",\"potentialAction\":[{\"@type\":\"ReadAction\",\"target\":[\"http:\/\/iwacentar.com\/?page_id=187\"]}]},{\"@type\":\"BreadcrumbList\",\"@id\":\"http:\/\/iwacentar.com\/?page_id=187#breadcrumb\",\"itemListElement\":[{\"@type\":\"ListItem\",\"position\":1,\"name\":\"Home\",\"item\":\"https:\/\/iwacentar.com\/\"},{\"@type\":\"ListItem\",\"position\":2,\"name\":\"Apartmani\",\"item\":\"https:\/\/iwacentar.com\/?page_id=7\"},{\"@type\":\"ListItem\",\"position\":3,\"name\":\"Apartman\"}]},{\"@type\":\"WebSite\",\"@id\":\"https:\/\/iwacentar.com\/#website\",\"url\":\"https:\/\/iwacentar.com\/\",\"name\":\"iwacentar\",\"description\":\"smestaj apartmani wellness vrnjacka banja\",\"potentialAction\":[{\"@type\":\"SearchAction\",\"target\":{\"@type\":\"EntryPoint\",\"urlTemplate\":\"https:\/\/iwacentar.com\/?s={search_term_string}\"},\"query-input\":\"required name=search_term_string\"}],\"inLanguage\":\"en-US\"}]}<\/script>\n<!-- \/ Yoast SEO plugin. -->","yoast_head_json":{"title":"Apartmani Vrnjacka Banja u centru Vrnjacke Banje - Iwa centar, smestaj","description":"Apartmani u centru Vrnjacke Banje, po povoljnim cenama, sa obezbedjenim parkingom, wifi, kuhinja, kablovska, odvojena spavaca soba","robots":{"index":"index","follow":"follow","max-snippet":"max-snippet:-1","max-image-preview":"max-image-preview:large","max-video-preview":"max-video-preview:-1"},"canonical":"http:\/\/iwacentar.com\/?page_id=187","og_locale":"en_US","og_type":"article","og_title":"Apartmani Vrnjacka Banja u centru Vrnjacke Banje - Iwa centar, smestaj","og_description":"Apartmani u centru Vrnjacke Banje, po povoljnim cenama, sa obezbedjenim parkingom, wifi, kuhinja, kablovska, odvojena spavaca soba","og_url":"http:\/\/iwacentar.com\/?page_id=187","og_site_name":"iwacentar","article_publisher":"https:\/\/www.facebook.com\/iwacentar\/","article_modified_time":"2018-01-17T17:45:45+00:00","og_image":[{"url":"http:\/\/iwacentar.com\/wp-content\/uploads\/2016\/10\/iwa-zima-3.jpg"}],"twitter_card":"summary_large_image","twitter_misc":{"Est. reading time":"1 minute"},"schema":{"@context":"https:\/\/schema.org","@graph":[{"@type":"WebPage","@id":"http:\/\/iwacentar.com\/?page_id=187","url":"http:\/\/iwacentar.com\/?page_id=187","name":"Apartmani Vrnjacka Banja u centru Vrnjacke Banje - Iwa centar, smestaj","isPartOf":{"@id":"https:\/\/iwacentar.com\/#website"},"datePublished":"2016-10-28T13:10:53+00:00","dateModified":"2018-01-17T17:45:45+00:00","description":"Apartmani u centru Vrnjacke Banje, po povoljnim cenama, sa obezbedjenim parkingom, wifi, kuhinja, kablovska, odvojena spavaca soba","breadcrumb":{"@id":"http:\/\/iwacentar.com\/?page_id=187#breadcrumb"},"inLanguage":"en-US","potentialAction":[{"@type":"ReadAction","target":["http:\/\/iwacentar.com\/?page_id=187"]}]},{"@type":"BreadcrumbList","@id":"http:\/\/iwacentar.com\/?page_id=187#breadcrumb","itemListElement":[{"@type":"ListItem","position":1,"name":"Home","item":"https:\/\/iwacentar.com\/"},{"@type":"ListItem","position":2,"name":"Apartmani","item":"https:\/\/iwacentar.com\/?page_id=7"},{"@type":"ListItem","position":3,"name":"Apartman"}]},{"@type":"WebSite","@id":"https:\/\/iwacentar.com\/#website","url":"https:\/\/iwacentar.com\/","name":"iwacentar","description":"smestaj apartmani wellness vrnjacka banja","potentialAction":[{"@type":"SearchAction","target":{"@type":"EntryPoint","urlTemplate":"https:\/\/iwacentar.com\/?s={search_term_string}"},"query-input":"required name=search_term_string"}],"inLanguage":"en-US"}]}},"_links":{"self":[{"href":"http:\/\/iwacentar.com\/index.php?rest_route=\/wp\/v2\/pages\/187","targetHints":{"allow":["GET"]}}],"collection":[{"href":"http:\/\/iwacentar.com\/index.php?rest_route=\/wp\/v2\/pages"}],"about":[{"href":"http:\/\/iwacentar.com\/index.php?rest_route=\/wp\/v2\/types\/page"}],"author":[{"embeddable":true,"href":"http:\/\/iwacentar.com\/index.php?rest_route=\/wp\/v2\/users\/1"}],"replies":[{"embeddable":true,"href":"http:\/\/iwacentar.com\/index.php?rest_route=%2Fwp%2Fv2%2Fcomments&post=187"}],"version-history":[{"count":24,"href":"http:\/\/iwacentar.com\/index.php?rest_route=\/wp\/v2\/pages\/187\/revisions"}],"predecessor-version":[{"id":656,"href":"http:\/\/iwacentar.com\/index.php?rest_route=\/wp\/v2\/pages\/187\/revisions\/656"}],"up":[{"embeddable":true,"href":"http:\/\/iwacentar.com\/index.php?rest_route=\/wp\/v2\/pages\/7"}],"wp:attachment":[{"href":"http:\/\/iwacentar.com\/index.php?rest_route=%2Fwp%2Fv2%2Fmedia&parent=187"}],"curies":[{"name":"wp","href":"https:\/\/api.w.org\/{rel}","templated":true}]}}