{"id":10,"date":"2016-10-27T15:31:58","date_gmt":"2016-10-27T15:31:58","guid":{"rendered":"http:\/\/iwacentar.com\/?page_id=10"},"modified":"2017-05-30T10:24:16","modified_gmt":"2017-05-30T08:24:16","slug":"sauna","status":"publish","type":"page","link":"http:\/\/iwacentar.com\/?page_id=10","title":{"rendered":"Sauna"},"content":{"rendered":"<h1>Sauna<\/h1>\n<h3><\/h3>\n<h3><img loading=\"lazy\" decoding=\"async\" class=\"aligncenter size-full wp-image-443\" src=\"http:\/\/iwacentar.com\/wp-content\/uploads\/2016\/10\/sauna-01.jpg\" alt=\"sauna-01\" width=\"1050\" height=\"400\" srcset=\"http:\/\/iwacentar.com\/wp-content\/uploads\/2016\/10\/sauna-01.jpg 1050w, http:\/\/iwacentar.com\/wp-content\/uploads\/2016\/10\/sauna-01-800x305.jpg 800w, http:\/\/iwacentar.com\/wp-content\/uploads\/2016\/10\/sauna-01-768x293.jpg 768w\" sizes=\"auto, (max-width: 1050px) 100vw, 1050px\" \/><\/h3>\n<h3><span style=\"font-family: book antiqua,palatino,serif; color: #e14d43;\"><em>Blagotvorna dejstva i mo\u0107i saune su zaista mnogobrojne!<\/em><\/span><\/h3>\n<p>Sauna je zatvorena drvena prostorija namenjena za opu\u0161tanje i relaksaciju duha i tela. Temperatura vazduha se mo\u017ee kretati od 60 do 100 \u00baC, a vla\u017enost vazduha oko 15%. Zbog visoke temperature preporu\u010duje se kori\u0161\u0107enje u trajanju od 8-15 minuta, a postupak se mo\u017ee ponoviti tri puta. Podsti\u010de cirkulaciju i uzrokuje obilno znojenje. Nakon saune preporu\u010duje se tu\u0161iranje mlakom ili hladnom vodom.<\/p>\n<p><strong>Dejstvo saune:<\/strong><br \/>\nSmanjuje bol i napetost mi\u0161i\u0107a \u2022 Opu\u0161ta \u2022 Relaksira \u2022 Vr\u0161i detoksikaciju \u2022 \u010cisti ko\u017eu \u2022 Elimini\u0161e fizi\u010dki i psihi\u010dki stres \u2022 Poja\u010dava otpornost na prehladu \u2022<br \/>\nJa\u010da imuni sistem \u2022 Ja\u010da kardiovaskularni i nervni sistem \u2022 Poma\u017ee kod astme i bronhitisa \u2022 Ubrzava metabolizam<\/p>\n<style id=\"bwg-style-0\">    #bwg_container1_0 #bwg_container2_0 .bwg-container-0.bwg-standard-thumbnails {      width: 964px;              justify-content: center;        margin:0 auto !important;              background-color: rgba(255, 255, 255, 0.00);            padding-left: 4px;      padding-top: 4px;      max-width: 100%;            }        #bwg_container1_0 #bwg_container2_0 .bwg-container-0.bwg-standard-thumbnails .bwg-item {    justify-content: flex-start;      max-width: 320px;            width: 320px !important;          }    #bwg_container1_0 #bwg_container2_0 .bwg-container-0.bwg-standard-thumbnails .bwg-item a {       margin-right: 4px;       margin-bottom: 4px;    }    #bwg_container1_0 #bwg_container2_0 .bwg-container-0.bwg-standard-thumbnails .bwg-item0 {      padding: 0px;            background-color:rgba(255,255,255, 0.30);      border: 0px none #CCCCCC;      opacity: 1.00;      border-radius: 0;      box-shadow: 0px 0px 0px #888888;    }    #bwg_container1_0 #bwg_container2_0 .bwg-container-0.bwg-standard-thumbnails .bwg-item1 img {      max-height: none;      max-width: none;      padding: 0 !important;    }        @media only screen and (min-width: 480px) {      #bwg_container1_0 #bwg_container2_0 .bwg-container-0.bwg-standard-thumbnails .bwg-item0 {        transition: all 0.3s ease 0s;-webkit-transition: all 0.3s ease 0s;      }      #bwg_container1_0 #bwg_container2_0 .bwg-container-0.bwg-standard-thumbnails .bwg-item0:hover {        -ms-transform: scale(1.1);        -webkit-transform: scale(1.1);        transform: scale(1.1);      }    }          #bwg_container1_0 #bwg_container2_0 .bwg-container-0.bwg-standard-thumbnails .bwg-item1 {      padding-top: 66.5625%;    }        #bwg_container1_0 #bwg_container2_0 .bwg-container-0.bwg-standard-thumbnails .bwg-title2,    #bwg_container1_0 #bwg_container2_0 .bwg-container-0.bwg-standard-thumbnails .bwg-ecommerce2 {      color: #CCCCCC;      font-family: segoe ui;      font-size: 16px;      font-weight: bold;      padding: 2px;      text-shadow: 0px 0px 0px #888888;      max-height: 100%;    }    #bwg_container1_0 #bwg_container2_0 .bwg-container-0.bwg-standard-thumbnails .bwg-thumb-description span {    color: #323A45;    font-family: Ubuntu;    font-size: 12px;    max-height: 100%;    word-wrap: break-word;    }    #bwg_container1_0 #bwg_container2_0 .bwg-container-0.bwg-standard-thumbnails .bwg-play-icon2 {      font-size: 32px;    }    #bwg_container1_0 #bwg_container2_0 .bwg-container-0.bwg-standard-thumbnails .bwg-ecommerce2 {      font-size: 19.2px;      color: #CCCCCC;    }    <\/style>    <div id=\"bwg_container1_0\"         class=\"bwg_container bwg_thumbnail bwg_thumbnails \"         data-right-click-protection=\"0\"         data-bwg=\"0\"         data-scroll=\"0\"         data-gallery-type=\"thumbnails\"         data-gallery-view-type=\"thumbnails\"         data-current-url=\"\/index.php?rest_route=%2Fwp%2Fv2%2Fpages%2F10\"         data-lightbox-url=\"http:\/\/iwacentar.com\/wp-admin\/admin-ajax.php?action=GalleryBox&#038;current_view=0&#038;gallery_id=6&#038;tag=0&#038;theme_id=1&#038;shortcode_id=9&#038;sort_by=order&#038;order_by=asc&#038;current_url=%2Findex.php%3Frest_route%3D%252Fwp%252Fv2%252Fpages%252F10\"         data-gallery-id=\"6\"         data-popup-width=\"1200\"         data-popup-height=\"797\"         data-is-album=\"gallery\"         data-buttons-position=\"bottom\">      <div id=\"bwg_container2_0\">             <div id=\"ajax_loading_0\" class=\"bwg_loading_div_1\">      <div class=\"bwg_loading_div_2\">        <div class=\"bwg_loading_div_3\">          <div id=\"loading_div_0\" class=\"bwg_spider_ajax_loading\">          <\/div>        <\/div>      <\/div>    <\/div>            <form id=\"gal_front_form_0\"              class=\"bwg-hidden\"              method=\"post\"              action=\"#\"              data-current=\"0\"              data-shortcode-id=\"9\"              data-gallery-type=\"thumbnails\"              data-gallery-id=\"6\"              data-tag=\"0\"              data-album-id=\"0\"              data-theme-id=\"1\"              data-ajax-url=\"http:\/\/iwacentar.com\/wp-admin\/admin-ajax.php?action=bwg_frontend_data\">          <div id=\"bwg_container3_0\" class=\"bwg-background bwg-background-0\">                <div data-max-count=\"3\"         data-thumbnail-width=\"320\"         data-bwg=\"0\"         data-gallery-id=\"6\"         data-lightbox-url=\"http:\/\/iwacentar.com\/wp-admin\/admin-ajax.php?action=GalleryBox&amp;current_view=0&amp;gallery_id=6&amp;tag=0&amp;theme_id=1&amp;shortcode_id=9&amp;sort_by=order&amp;order_by=asc&amp;current_url=%2Findex.php%3Frest_route%3D%252Fwp%252Fv2%252Fpages%252F10\"         id=\"bwg_thumbnails_0\"         class=\"bwg-container-0 bwg-thumbnails bwg-standard-thumbnails bwg-container bwg-border-box\">            <div class=\"bwg-item\">        <a class=\"bwg-a  bwg_lightbox\"  data-image-id=\"46\" href=\"http:\/\/iwacentar.com\/wp-content\/uploads\/photo-gallery\/sauna\/sauna-03.jpg\" data-elementor-open-lightbox=\"no\">                <div class=\"bwg-item0 \">          <div class=\"bwg-item1 \">            <div class=\"bwg-item2\">              <img decoding=\"async\" class=\"skip-lazy bwg_standart_thumb_img_0 \"                   data-id=\"46\"                   data-width=\"\"                   data-height=\"\"                   data-src=\"http:\/\/iwacentar.com\/wp-content\/uploads\/photo-gallery\/sauna\/thumb\/sauna-03.jpg\"                   src=\"http:\/\/iwacentar.com\/wp-content\/uploads\/photo-gallery\/sauna\/thumb\/sauna-03.jpg\"                   alt=\"sauna-03\"                   title=\"sauna-03\" \/>            <\/div>            <div class=\"\">                                                      <\/div>          <\/div>        <\/div>                        <\/a>              <\/div>            <div class=\"bwg-item\">        <a class=\"bwg-a  bwg_lightbox\"  data-image-id=\"45\" href=\"http:\/\/iwacentar.com\/wp-content\/uploads\/photo-gallery\/sauna\/sauna-04.jpg\" data-elementor-open-lightbox=\"no\">                <div class=\"bwg-item0 \">          <div class=\"bwg-item1 \">            <div class=\"bwg-item2\">              <img decoding=\"async\" class=\"skip-lazy bwg_standart_thumb_img_0 \"                   data-id=\"45\"                   data-width=\"\"                   data-height=\"\"                   data-src=\"http:\/\/iwacentar.com\/wp-content\/uploads\/photo-gallery\/sauna\/thumb\/sauna-04.jpg\"                   src=\"http:\/\/iwacentar.com\/wp-content\/uploads\/photo-gallery\/sauna\/thumb\/sauna-04.jpg\"                   alt=\"sauna-04\"                   title=\"sauna-04\" \/>            <\/div>            <div class=\"\">                                                      <\/div>          <\/div>        <\/div>                        <\/a>              <\/div>            <div class=\"bwg-item\">        <a class=\"bwg-a  bwg_lightbox\"  data-image-id=\"44\" href=\"http:\/\/iwacentar.com\/wp-content\/uploads\/photo-gallery\/sauna\/sauna-02.jpg\" data-elementor-open-lightbox=\"no\">                <div class=\"bwg-item0 \">          <div class=\"bwg-item1 \">            <div class=\"bwg-item2\">              <img decoding=\"async\" class=\"skip-lazy bwg_standart_thumb_img_0 \"                   data-id=\"44\"                   data-width=\"\"                   data-height=\"\"                   data-src=\"http:\/\/iwacentar.com\/wp-content\/uploads\/photo-gallery\/sauna\/thumb\/sauna-02.jpg\"                   src=\"http:\/\/iwacentar.com\/wp-content\/uploads\/photo-gallery\/sauna\/thumb\/sauna-02.jpg\"                   alt=\"sauna-02\"                   title=\"sauna-02\" \/>            <\/div>            <div class=\"\">                                                      <\/div>          <\/div>        <\/div>                        <\/a>              <\/div>          <\/div>    <style>      \/*pagination styles*\/      #bwg_container1_0 #bwg_container2_0 .tablenav-pages_0 {\t\t\t\ttext-align: center;\t\t\t\tfont-size: 12px;\t\t\t\tfont-family: segoe ui;\t\t\t\tfont-weight: bold;\t\t\t\tcolor: #666666;\t\t\t\tmargin: 6px 0 4px;\t\t\t\tdisplay: block;      }      @media only screen and (max-width : 320px) {      #bwg_container1_0 #bwg_container2_0 .displaying-num_0 {     \t display: none;      }      }      #bwg_container1_0 #bwg_container2_0 .displaying-num_0 {\t\t\t\tfont-size: 12px;\t\t\t\tfont-family: segoe ui;\t\t\t\tfont-weight: bold;\t\t\t\tcolor: #666666;\t\t\t\tmargin-right: 10px;\t\t\t\tvertical-align: middle;      }      #bwg_container1_0 #bwg_container2_0 .paging-input_0 {\t\t\t\tfont-size: 12px;\t\t\t\tfont-family: segoe ui;\t\t\t\tfont-weight: bold;\t\t\t\tcolor: #666666;\t\t\t\tvertical-align: middle;      }      #bwg_container1_0 #bwg_container2_0 .tablenav-pages_0 a.disabled,      #bwg_container1_0 #bwg_container2_0 .tablenav-pages_0 a.disabled:hover,      #bwg_container1_0 #bwg_container2_0 .tablenav-pages_0 a.disabled:focus,\t\t\t#bwg_container1_0 #bwg_container2_0 .tablenav-pages_0 input.bwg_current_page {\t\t\t\tcursor: default;\t\t\t\tcolor: rgba(102, 102, 102, 0.5);      }      #bwg_container1_0 #bwg_container2_0 .tablenav-pages_0 a,      #bwg_container1_0 #bwg_container2_0 .tablenav-pages_0 input.bwg_current_page {\t\t\t\tcursor: pointer;\t\t\t\ttext-align: center;\t\t\t\tfont-size: 12px;\t\t\t\tfont-family: segoe ui;\t\t\t\tfont-weight: bold;\t\t\t\tcolor: #666666;\t\t\t\ttext-decoration: none;\t\t\t\tpadding: 3px 6px;\t\t\t\tmargin: 0;\t\t\t\tborder-radius: 0;\t\t\t\tborder-style: solid;\t\t\t\tborder-width: 1px;\t\t\t\tborder-color: #E3E3E3;\t\t\t\t\t\t\t\tbackground-color: rgba(255, 255, 255, 1.00);\t\t\t\tbox-shadow: 0;\t\t\t\ttransition: all 0.3s ease 0s;-webkit-transition: all 0.3s ease 0s;      }      <\/style>      <span class=\"bwg_nav_cont_0\">              <div class=\"tablenav-pages_0\">                  <\/div>                <input type=\"hidden\" id=\"page_number_0\" name=\"page_number_0\" value=\"1\" \/>      <script type=\"text\/javascript\">        if( jQuery('.bwg_nav_cont_0').length > 1 ) {          jQuery('.bwg_nav_cont_0').first().remove()        }        function spider_page_0(cur, x, y, load_more) {          if (typeof load_more == \"undefined\") {            var load_more = false;          }          if (jQuery(cur).hasClass('disabled')) {            return false;          }          var items_county_0 = 1;          switch (y) {            case 1:              if (x >= items_county_0) {                document.getElementById('page_number_0').value = items_county_0;              }              else {                document.getElementById('page_number_0').value = x + 1;              }              break;            case 2:              document.getElementById('page_number_0').value = items_county_0;              break;            case -1:              if (x == 1) {                document.getElementById('page_number_0').value = 1;              }              else {                document.getElementById('page_number_0').value = x - 1;              }              break;            case -2:              document.getElementById('page_number_0').value = 1;              break;\t\t\t\t\t\tcase 0:              document.getElementById('page_number_0').value = x;              break;            default:              document.getElementById('page_number_0').value = 1;          }          bwg_ajax('gal_front_form_0', '0', 'bwg_thumbnails_0', '0', '', 'gallery', 0, '', '', load_more, '', 1);        }                    jQuery('.first-page-0').on('click', function () {              spider_page_0(this, 1, -2, 'numeric');              return false;            });            jQuery('.prev-page-0').on('click', function () {              spider_page_0(this, 1, -1, 'numeric');              return false;            });            jQuery('.next-page-0').on('click', function () {              spider_page_0(this, 1, 1, 'numeric');              return false;            });            jQuery('.last-page-0').on('click', function () {              spider_page_0(this, 1, 2, 'numeric');              return false;            });        \t\t\t\t\/* Change page on input enter. *\/        function bwg_change_page_0( e, that ) {          if (  e.key == 'Enter' ) {            var to_page = parseInt(jQuery(that).val());            var pages_count = jQuery(that).parents(\".pagination-links\").data(\"pages-count\");            var current_url_param = jQuery(that).attr('data-url-info');            if (to_page > pages_count) {              to_page = 1;            }\t \t\t\t\t\t\t\t\t\t\t\t\tspider_page_0(this, to_page, 0, 'numeric');\t\t\t\t\t\t\treturn false;\t\t\t\t\t\t          }          return true;        }        jQuery('.bwg_load_btn_0').on('click', function () {            spider_page_0(this, 1, 1, true);            return false;        });      <\/script>      <\/span>                <\/div>        <\/form>        <style>          #bwg_container1_0 #bwg_container2_0 #spider_popup_overlay_0 {          background-color: #000000;          opacity: 0.70;          }          <\/style>        <div id=\"bwg_spider_popup_loading_0\" class=\"bwg_spider_popup_loading\"><\/div>        <div id=\"spider_popup_overlay_0\" class=\"spider_popup_overlay\" onclick=\"spider_destroypopup(1000)\"><\/div>        <input type=\"hidden\" id=\"bwg_random_seed_0\" value=\"1958289707\">                <\/div>    <\/div>    <script>      if (document.readyState === 'complete') {        if( typeof bwg_main_ready == 'function' ) {          if ( jQuery(\"#bwg_container1_0\").height() ) {            bwg_main_ready(jQuery(\"#bwg_container1_0\"));          }        }      } else {        document.addEventListener('DOMContentLoaded', function() {          if( typeof bwg_main_ready == 'function' ) {            if ( jQuery(\"#bwg_container1_0\").height() ) {             bwg_main_ready(jQuery(\"#bwg_container1_0\"));            }          }        });      }    <\/script>    \n","protected":false},"excerpt":{"rendered":"<p>Sauna Blagotvorna dejstva i mo\u0107i saune su zaista mnogobrojne! Sauna je zatvorena drvena prostorija namenjena za opu\u0161tanje i relaksaciju duha i tela. Temperatura vazduha se mo\u017ee kretati od 60 do 100 \u00baC, a vla\u017enost vazduha oko 15%. Zbog visoke temperature preporu\u010duje se kori\u0161\u0107enje u trajanju od 8-15 minuta, a postupak se mo\u017ee ponoviti tri puta. [&hellip;]\n","protected":false},"author":1,"featured_media":0,"parent":5,"menu_order":0,"comment_status":"closed","ping_status":"closed","template":"","meta":{"footnotes":""},"class_list":["post-10","page","type-page","status-publish","hentry"],"yoast_head":"<!-- This site is optimized with the Yoast SEO plugin v21.4 - https:\/\/yoast.com\/wordpress\/plugins\/seo\/ -->\n<title>Sauna, Vrnja\u010dka Banja - Iwa centar, velnes centar i sme\u0161taj<\/title>\n<meta name=\"robots\" content=\"index, follow, max-snippet:-1, max-image-preview:large, max-video-preview:-1\" \/>\n<link rel=\"canonical\" href=\"https:\/\/iwacentar.com\/?page_id=10\" \/>\n<meta property=\"og:locale\" content=\"en_US\" \/>\n<meta property=\"og:type\" content=\"article\" \/>\n<meta property=\"og:title\" content=\"Sauna, Vrnja\u010dka Banja - Iwa centar, velnes centar i sme\u0161taj\" \/>\n<meta property=\"og:description\" content=\"Sauna Blagotvorna dejstva i mo\u0107i saune su zaista mnogobrojne! Sauna je zatvorena drvena prostorija namenjena za opu\u0161tanje i relaksaciju duha i tela. Temperatura vazduha se mo\u017ee kretati od 60 do 100 \u00baC, a vla\u017enost vazduha oko 15%. Zbog visoke temperature preporu\u010duje se kori\u0161\u0107enje u trajanju od 8-15 minuta, a postupak se mo\u017ee ponoviti tri puta. [&hellip;]\" \/>\n<meta property=\"og:url\" content=\"https:\/\/iwacentar.com\/?page_id=10\" \/>\n<meta property=\"og:site_name\" content=\"iwacentar\" \/>\n<meta property=\"article:publisher\" content=\"https:\/\/www.facebook.com\/iwacentar\/\" \/>\n<meta property=\"article:modified_time\" content=\"2017-05-30T08:24:16+00:00\" \/>\n<meta property=\"og:image\" content=\"http:\/\/iwacentar.com\/wp-content\/uploads\/2016\/10\/sauna-01.jpg\" \/>\n<meta name=\"twitter:card\" content=\"summary_large_image\" \/>\n<meta name=\"twitter:label1\" content=\"Est. reading time\" \/>\n\t<meta name=\"twitter:data1\" content=\"1 minute\" \/>\n<script type=\"application\/ld+json\" class=\"yoast-schema-graph\">{\"@context\":\"https:\/\/schema.org\",\"@graph\":[{\"@type\":\"WebPage\",\"@id\":\"https:\/\/iwacentar.com\/?page_id=10\",\"url\":\"https:\/\/iwacentar.com\/?page_id=10\",\"name\":\"Sauna, Vrnja\u010dka Banja - Iwa centar, velnes centar i sme\u0161taj\",\"isPartOf\":{\"@id\":\"https:\/\/iwacentar.com\/#website\"},\"datePublished\":\"2016-10-27T15:31:58+00:00\",\"dateModified\":\"2017-05-30T08:24:16+00:00\",\"breadcrumb\":{\"@id\":\"https:\/\/iwacentar.com\/?page_id=10#breadcrumb\"},\"inLanguage\":\"en-US\",\"potentialAction\":[{\"@type\":\"ReadAction\",\"target\":[\"https:\/\/iwacentar.com\/?page_id=10\"]}]},{\"@type\":\"BreadcrumbList\",\"@id\":\"https:\/\/iwacentar.com\/?page_id=10#breadcrumb\",\"itemListElement\":[{\"@type\":\"ListItem\",\"position\":1,\"name\":\"Home\",\"item\":\"https:\/\/iwacentar.com\/\"},{\"@type\":\"ListItem\",\"position\":2,\"name\":\"Wellness\",\"item\":\"https:\/\/iwacentar.com\/?page_id=5\"},{\"@type\":\"ListItem\",\"position\":3,\"name\":\"Sauna\"}]},{\"@type\":\"WebSite\",\"@id\":\"https:\/\/iwacentar.com\/#website\",\"url\":\"https:\/\/iwacentar.com\/\",\"name\":\"iwacentar\",\"description\":\"smestaj apartmani wellness vrnjacka banja\",\"potentialAction\":[{\"@type\":\"SearchAction\",\"target\":{\"@type\":\"EntryPoint\",\"urlTemplate\":\"https:\/\/iwacentar.com\/?s={search_term_string}\"},\"query-input\":\"required name=search_term_string\"}],\"inLanguage\":\"en-US\"}]}<\/script>\n<!-- \/ Yoast SEO plugin. -->","yoast_head_json":{"title":"Sauna, Vrnja\u010dka Banja - Iwa centar, velnes centar i sme\u0161taj","robots":{"index":"index","follow":"follow","max-snippet":"max-snippet:-1","max-image-preview":"max-image-preview:large","max-video-preview":"max-video-preview:-1"},"canonical":"https:\/\/iwacentar.com\/?page_id=10","og_locale":"en_US","og_type":"article","og_title":"Sauna, Vrnja\u010dka Banja - Iwa centar, velnes centar i sme\u0161taj","og_description":"Sauna Blagotvorna dejstva i mo\u0107i saune su zaista mnogobrojne! Sauna je zatvorena drvena prostorija namenjena za opu\u0161tanje i relaksaciju duha i tela. Temperatura vazduha se mo\u017ee kretati od 60 do 100 \u00baC, a vla\u017enost vazduha oko 15%. Zbog visoke temperature preporu\u010duje se kori\u0161\u0107enje u trajanju od 8-15 minuta, a postupak se mo\u017ee ponoviti tri puta. [&hellip;]","og_url":"https:\/\/iwacentar.com\/?page_id=10","og_site_name":"iwacentar","article_publisher":"https:\/\/www.facebook.com\/iwacentar\/","article_modified_time":"2017-05-30T08:24:16+00:00","og_image":[{"url":"http:\/\/iwacentar.com\/wp-content\/uploads\/2016\/10\/sauna-01.jpg"}],"twitter_card":"summary_large_image","twitter_misc":{"Est. reading time":"1 minute"},"schema":{"@context":"https:\/\/schema.org","@graph":[{"@type":"WebPage","@id":"https:\/\/iwacentar.com\/?page_id=10","url":"https:\/\/iwacentar.com\/?page_id=10","name":"Sauna, Vrnja\u010dka Banja - Iwa centar, velnes centar i sme\u0161taj","isPartOf":{"@id":"https:\/\/iwacentar.com\/#website"},"datePublished":"2016-10-27T15:31:58+00:00","dateModified":"2017-05-30T08:24:16+00:00","breadcrumb":{"@id":"https:\/\/iwacentar.com\/?page_id=10#breadcrumb"},"inLanguage":"en-US","potentialAction":[{"@type":"ReadAction","target":["https:\/\/iwacentar.com\/?page_id=10"]}]},{"@type":"BreadcrumbList","@id":"https:\/\/iwacentar.com\/?page_id=10#breadcrumb","itemListElement":[{"@type":"ListItem","position":1,"name":"Home","item":"https:\/\/iwacentar.com\/"},{"@type":"ListItem","position":2,"name":"Wellness","item":"https:\/\/iwacentar.com\/?page_id=5"},{"@type":"ListItem","position":3,"name":"Sauna"}]},{"@type":"WebSite","@id":"https:\/\/iwacentar.com\/#website","url":"https:\/\/iwacentar.com\/","name":"iwacentar","description":"smestaj apartmani wellness vrnjacka banja","potentialAction":[{"@type":"SearchAction","target":{"@type":"EntryPoint","urlTemplate":"https:\/\/iwacentar.com\/?s={search_term_string}"},"query-input":"required name=search_term_string"}],"inLanguage":"en-US"}]}},"_links":{"self":[{"href":"http:\/\/iwacentar.com\/index.php?rest_route=\/wp\/v2\/pages\/10","targetHints":{"allow":["GET"]}}],"collection":[{"href":"http:\/\/iwacentar.com\/index.php?rest_route=\/wp\/v2\/pages"}],"about":[{"href":"http:\/\/iwacentar.com\/index.php?rest_route=\/wp\/v2\/types\/page"}],"author":[{"embeddable":true,"href":"http:\/\/iwacentar.com\/index.php?rest_route=\/wp\/v2\/users\/1"}],"replies":[{"embeddable":true,"href":"http:\/\/iwacentar.com\/index.php?rest_route=%2Fwp%2Fv2%2Fcomments&post=10"}],"version-history":[{"count":8,"href":"http:\/\/iwacentar.com\/index.php?rest_route=\/wp\/v2\/pages\/10\/revisions"}],"predecessor-version":[{"id":672,"href":"http:\/\/iwacentar.com\/index.php?rest_route=\/wp\/v2\/pages\/10\/revisions\/672"}],"up":[{"embeddable":true,"href":"http:\/\/iwacentar.com\/index.php?rest_route=\/wp\/v2\/pages\/5"}],"wp:attachment":[{"href":"http:\/\/iwacentar.com\/index.php?rest_route=%2Fwp%2Fv2%2Fmedia&parent=10"}],"curies":[{"name":"wp","href":"https:\/\/api.w.org\/{rel}","templated":true}]}}